{"id":11284,"date":"2024-02-02T10:18:56","date_gmt":"2024-02-02T09:18:56","guid":{"rendered":"https:\/\/www.immoschwab.ch\/anlaesse-und-termine\/"},"modified":"2026-03-20T10:24:03","modified_gmt":"2026-03-20T09:24:03","slug":"manifestations-et-dates","status":"publish","type":"page","link":"https:\/\/www.immoschwab.ch\/fr\/savoir\/manifestations-et-dates\/","title":{"rendered":"Manifestations et dates"},"content":{"rendered":"\t\t<div data-elementor-type=\"wp-page\" data-elementor-id=\"11284\" class=\"elementor elementor-11284 elementor-10854\" data-elementor-post-type=\"page\">\n\t\t\t\t\t\t<section class=\"elementor-section elementor-top-section elementor-element elementor-element-27ca3c3 elementor-section-boxed elementor-section-height-default elementor-section-height-default\" data-id=\"27ca3c3\" data-element_type=\"section\" data-e-type=\"section\">\n\t\t\t\t\t\t<div class=\"elementor-container elementor-column-gap-default\">\n\t\t\t\t\t<div class=\"elementor-column elementor-col-100 elementor-top-column elementor-element elementor-element-b8e76da\" data-id=\"b8e76da\" data-element_type=\"column\" data-e-type=\"column\">\n\t\t\t<div class=\"elementor-widget-wrap elementor-element-populated\">\n\t\t\t\t\t\t<div class=\"elementor-element elementor-element-fe5e26c elementor-widget elementor-widget-leadtext\" data-id=\"fe5e26c\" data-element_type=\"widget\" data-e-type=\"widget\" data-widget_type=\"leadtext.default\">\n\t\t\t\t<div class=\"elementor-widget-container\">\n\t\t\t\t\t<div class=\"lead\"><h1>Manifestations et dates<\/h1><p>Vous trouverez ici un aper\u00e7u des prochaines dates d'actions et de manifestations ainsi que des participations \u00e0 des salons.<\/p><\/div>\t\t\t\t<\/div>\n\t\t\t\t<\/div>\n\t\t\t\t\t<\/div>\n\t\t<\/div>\n\t\t\t\t\t<\/div>\n\t\t<\/section>\n\t\t\t\t<section class=\"elementor-section elementor-top-section elementor-element elementor-element-7b75b0a section-colored elementor-section-boxed elementor-section-height-default elementor-section-height-default\" data-id=\"7b75b0a\" data-element_type=\"section\" data-e-type=\"section\">\n\t\t\t\t\t\t<div class=\"elementor-container elementor-column-gap-default\">\n\t\t\t\t\t<div class=\"elementor-column elementor-col-100 elementor-top-column elementor-element elementor-element-c447f29\" data-id=\"c447f29\" data-element_type=\"column\" data-e-type=\"column\">\n\t\t\t<div class=\"elementor-widget-wrap elementor-element-populated\">\n\t\t\t\t\t\t<section class=\"elementor-section elementor-inner-section elementor-element elementor-element-8df2ba8 elementor-section-boxed elementor-section-height-default elementor-section-height-default\" data-id=\"8df2ba8\" data-element_type=\"section\" data-e-type=\"section\" data-settings=\"{&quot;background_background&quot;:&quot;classic&quot;}\">\n\t\t\t\t\t\t<div class=\"elementor-container elementor-column-gap-default\">\n\t\t\t\t\t<div class=\"elementor-column elementor-col-50 elementor-inner-column elementor-element elementor-element-a1f5be2\" data-id=\"a1f5be2\" data-element_type=\"column\" data-e-type=\"column\">\n\t\t\t<div class=\"elementor-widget-wrap elementor-element-populated\">\n\t\t\t\t\t\t<div class=\"elementor-element elementor-element-beb0642 elementor-widget elementor-widget-image\" data-id=\"beb0642\" data-element_type=\"widget\" data-e-type=\"widget\" data-widget_type=\"image.default\">\n\t\t\t\t<div class=\"elementor-widget-container\">\n\t\t\t\t\t\t\t\t\t\t\t\t\t\t\t<img fetchpriority=\"high\" decoding=\"async\" width=\"800\" height=\"798\" src=\"https:\/\/www.immoschwab.ch\/wp-content\/uploads\/2026\/03\/save-the-date-1024x1022.jpg\" class=\"attachment-large size-large wp-image-25409\" alt=\"\" srcset=\"https:\/\/www.immoschwab.ch\/wp-content\/uploads\/2026\/03\/save-the-date-1024x1022.jpg 1024w, https:\/\/www.immoschwab.ch\/wp-content\/uploads\/2026\/03\/save-the-date-300x300.jpg 300w, https:\/\/www.immoschwab.ch\/wp-content\/uploads\/2026\/03\/save-the-date-150x150.jpg 150w, https:\/\/www.immoschwab.ch\/wp-content\/uploads\/2026\/03\/save-the-date-768x767.jpg 768w, https:\/\/www.immoschwab.ch\/wp-content\/uploads\/2026\/03\/save-the-date-1536x1533.jpg 1536w, https:\/\/www.immoschwab.ch\/wp-content\/uploads\/2026\/03\/save-the-date-scaled.jpg 2048w\" sizes=\"(max-width: 800px) 100vw, 800px\" \/>\t\t\t\t\t\t\t\t\t\t\t\t\t\t\t<\/div>\n\t\t\t\t<\/div>\n\t\t\t\t\t<\/div>\n\t\t<\/div>\n\t\t\t\t<div class=\"elementor-column elementor-col-50 elementor-inner-column elementor-element elementor-element-0c09f12\" data-id=\"0c09f12\" data-element_type=\"column\" data-e-type=\"column\" data-settings=\"{&quot;background_background&quot;:&quot;classic&quot;}\">\n\t\t\t<div class=\"elementor-widget-wrap elementor-element-populated\">\n\t\t\t\t\t\t<div class=\"elementor-element elementor-element-aeca953 elementor-widget elementor-widget-text-editor\" data-id=\"aeca953\" data-element_type=\"widget\" data-e-type=\"widget\" data-widget_type=\"text-editor.default\">\n\t\t\t\t<div class=\"elementor-widget-container\">\n\t\t\t\t\t\t\t\t\t<h3>Annonce pr\u00e9alable : Journ\u00e9e portes ouvertes \u00e0 l\u2019occasion du jubil\u00e9 de l\u2019entreprise<\/h3><p>Date : samedi 19 septembre 2026<br \/>Heure : de 11h00 \u00e0 16h00<\/p><p>Vous trouverez ici \u00e9galement plus d\u2019informations sur le jubil\u00e9.<\/p>\t\t\t\t\t\t\t\t<\/div>\n\t\t\t\t<\/div>\n\t\t\t\t<div class=\"elementor-element elementor-element-dfef157 elementor-widget elementor-widget-button\" data-id=\"dfef157\" data-element_type=\"widget\" data-e-type=\"widget\" data-widget_type=\"button.default\">\n\t\t\t\t<div class=\"elementor-widget-container\">\n\t\t\t\t\t\t\t\t\t<div class=\"elementor-button-wrapper\">\n\t\t\t\t\t<a class=\"elementor-button elementor-button-link elementor-size-sm\" href=\"https:\/\/www.immoschwab.ch\/fr\/savoir\/manifestations-et-dates\/40-ans-immoschwab-une-raison-de-celebrer\/\">\n\t\t\t\t\t\t<span class=\"elementor-button-content-wrapper\">\n\t\t\t\t\t\t\t\t\t<span class=\"elementor-button-text\">Vers le jubil\u00e9 de l\u2019entreprise<\/span>\n\t\t\t\t\t<\/span>\n\t\t\t\t\t<\/a>\n\t\t\t\t<\/div>\n\t\t\t\t\t\t\t\t<\/div>\n\t\t\t\t<\/div>\n\t\t\t\t\t<\/div>\n\t\t<\/div>\n\t\t\t\t\t<\/div>\n\t\t<\/section>\n\t\t\t\t<section class=\"elementor-section elementor-inner-section elementor-element elementor-element-f23ec37 elementor-section-boxed elementor-section-height-default elementor-section-height-default\" data-id=\"f23ec37\" data-element_type=\"section\" data-e-type=\"section\" data-settings=\"{&quot;background_background&quot;:&quot;classic&quot;}\">\n\t\t\t\t\t\t<div class=\"elementor-container elementor-column-gap-default\">\n\t\t\t\t\t<div class=\"elementor-column elementor-col-100 elementor-inner-column elementor-element elementor-element-ddeb3c9\" data-id=\"ddeb3c9\" data-element_type=\"column\" data-e-type=\"column\" data-settings=\"{&quot;background_background&quot;:&quot;classic&quot;}\">\n\t\t\t<div class=\"elementor-widget-wrap elementor-element-populated\">\n\t\t\t\t\t\t<div class=\"elementor-element elementor-element-21ff358 elementor-widget elementor-widget-heading\" data-id=\"21ff358\" data-element_type=\"widget\" data-e-type=\"widget\" data-widget_type=\"heading.default\">\n\t\t\t\t<div class=\"elementor-widget-container\">\n\t\t\t\t\t<h2 class=\"elementor-heading-title elementor-size-default\">Manifestations et expositions\u200b<\/h2>\t\t\t\t<\/div>\n\t\t\t\t<\/div>\n\t\t\t\t<div class=\"elementor-element elementor-element-0cafd16 elementor-widget elementor-widget-text-editor\" data-id=\"0cafd16\" data-element_type=\"widget\" data-e-type=\"widget\" data-widget_type=\"text-editor.default\">\n\t\t\t\t<div class=\"elementor-widget-container\">\n\t\t\t\t\t\t\t\t\t<p>Le prochain \u00e9v\u00e9nement est d\u00e9j\u00e0 en cours de planification.<\/p><p>Vous trouverez des informations telles que des vid\u00e9os et des pr\u00e9sentations d'expos\u00e9s ainsi que des photos d'\u00e9v\u00e9nements pass\u00e9s sous la rubrique \u00ab R\u00e9trospective des \u00e9v\u00e9nements \u00bb.<\/p><p>Vous pouvez vous pr\u00e9inscrire ici pour la prochaine s\u00e9ance d'information.<\/p>\t\t\t\t\t\t\t\t<\/div>\n\t\t\t\t<\/div>\n\t\t\t\t<div class=\"elementor-element elementor-element-448ba20 elementor-widget elementor-widget-button\" data-id=\"448ba20\" data-element_type=\"widget\" data-e-type=\"widget\" data-widget_type=\"button.default\">\n\t\t\t\t<div class=\"elementor-widget-container\">\n\t\t\t\t\t\t\t\t\t<div class=\"elementor-button-wrapper\">\n\t\t\t\t\t<a class=\"elementor-button elementor-button-link elementor-size-sm\" href=\"https:\/\/www.immoschwab.ch\/fr\/savoir\/manifestations-et-dates\/preinscription\/\">\n\t\t\t\t\t\t<span class=\"elementor-button-content-wrapper\">\n\t\t\t\t\t\t\t\t\t<span class=\"elementor-button-text\">Inscription<\/span>\n\t\t\t\t\t<\/span>\n\t\t\t\t\t<\/a>\n\t\t\t\t<\/div>\n\t\t\t\t\t\t\t\t<\/div>\n\t\t\t\t<\/div>\n\t\t\t\t\t<\/div>\n\t\t<\/div>\n\t\t\t\t\t<\/div>\n\t\t<\/section>\n\t\t\t\t\t<\/div>\n\t\t<\/div>\n\t\t\t\t\t<\/div>\n\t\t<\/section>\n\t\t\t\t<section class=\"elementor-section elementor-top-section elementor-element elementor-element-e60a4f4 elementor-section-boxed elementor-section-height-default elementor-section-height-default\" data-id=\"e60a4f4\" data-element_type=\"section\" data-e-type=\"section\">\n\t\t\t\t\t\t<div class=\"elementor-container elementor-column-gap-default\">\n\t\t\t\t\t<div class=\"elementor-column elementor-col-100 elementor-top-column elementor-element elementor-element-addbd8c\" data-id=\"addbd8c\" data-element_type=\"column\" data-e-type=\"column\">\n\t\t\t<div class=\"elementor-widget-wrap elementor-element-populated\">\n\t\t\t\t\t\t<div class=\"elementor-element elementor-element-2358bcd elementor-widget elementor-widget-leadtext\" data-id=\"2358bcd\" data-element_type=\"widget\" data-e-type=\"widget\" data-widget_type=\"leadtext.default\">\n\t\t\t\t<div class=\"elementor-widget-container\">\n\t\t\t\t\t<div class=\"lead\"><h2>R\u00e9trospective des manifestations<\/h2><\/div>\t\t\t\t<\/div>\n\t\t\t\t<\/div>\n\t\t\t\t<div class=\"elementor-element elementor-element-3cd863e elementor-widget elementor-widget-text-editor\" data-id=\"3cd863e\" data-element_type=\"widget\" data-e-type=\"widget\" data-widget_type=\"text-editor.default\">\n\t\t\t\t<div class=\"elementor-widget-container\">\n\t\t\t\t\t\t\t\t\t<p>13 novembre 2025 \u2013 <a href=\"https:\/\/www.immoschwab.ch\/wissen\/anlaesse-und-termine\/infoanlass2025\/\">R\u00e9trospective de la s\u00e9ance d'information \u00ab Investissements dans les \u00e9conomies d'\u00e9nergie dans les b\u00e2timents \u00bb<\/a><br \/>10 juin 2024 \u2013 <a href=\"https:\/\/www.immoschwab.ch\/event\/immobilienmarkt-im-wandel\/\">R\u00e9trospective de la s\u00e9ance d'information sur le march\u00e9 immobilier en mutation<\/a><\/p>\t\t\t\t\t\t\t\t<\/div>\n\t\t\t\t<\/div>\n\t\t\t\t\t<\/div>\n\t\t<\/div>\n\t\t\t\t\t<\/div>\n\t\t<\/section>\n\t\t\t\t<\/div>\n\t\t","protected":false},"excerpt":{"rendered":"<p>Manifestations et dates Vous trouverez ici un aper\u00e7u des prochaines dates d'actions et de manifestations ainsi que des participations \u00e0 des salons. Annonce pr\u00e9alable : Journ\u00e9e portes ouvertes \u00e0 l\u2019occasion du jubil\u00e9 de l\u2019entreprise Date : samedi 19 septembre 2026Heure : de 11h00 \u00e0 16h00 Vous trouverez ici \u00e9galement plus d\u2019informations sur le jubil\u00e9. Vers [&hellip;]<\/p>\n","protected":false},"author":1,"featured_media":11267,"parent":5853,"menu_order":0,"comment_status":"closed","ping_status":"closed","template":"","meta":{"_acf_changed":false,"footnotes":""},"class_list":["post-11284","page","type-page","status-publish","has-post-thumbnail","hentry"],"acf":[],"yoast_head":"<!-- This site is optimized with the Yoast SEO plugin v27.3 - https:\/\/yoast.com\/product\/yoast-seo-wordpress\/ -->\n<title>Manifestations et dates &#8211; Immoschwab SA \u00e0 Morat et Aarberg<\/title>\n<meta name=\"robots\" content=\"index, follow, max-snippet:-1, max-image-preview:large, max-video-preview:-1\" \/>\n<link rel=\"canonical\" href=\"https:\/\/www.immoschwab.ch\/fr\/savoir\/manifestations-et-dates\/\" \/>\n<meta property=\"og:locale\" content=\"fr_FR\" \/>\n<meta property=\"og:type\" content=\"article\" \/>\n<meta property=\"og:title\" content=\"Manifestations et dates &#8211; Immoschwab SA \u00e0 Morat et Aarberg\" \/>\n<meta property=\"og:description\" content=\"Manifestations et dates Vous trouverez ici un aper\u00e7u des prochaines dates d&#039;actions et de manifestations ainsi que des participations \u00e0 des salons. Annonce pr\u00e9alable : Journ\u00e9e portes ouvertes \u00e0 l\u2019occasion du jubil\u00e9 de l\u2019entreprise Date : samedi 19 septembre 2026Heure : de 11h00 \u00e0 16h00 Vous trouverez ici \u00e9galement plus d\u2019informations sur le jubil\u00e9. Vers [&hellip;]\" \/>\n<meta property=\"og:url\" content=\"https:\/\/www.immoschwab.ch\/fr\/savoir\/manifestations-et-dates\/\" \/>\n<meta property=\"og:site_name\" content=\"Immoschwab SA \u00e0 Morat et Aarberg\" \/>\n<meta property=\"article:publisher\" content=\"https:\/\/www.facebook.com\/immoschwabag\/\" \/>\n<meta property=\"article:modified_time\" content=\"2026-03-20T09:24:03+00:00\" \/>\n<meta property=\"og:image\" content=\"https:\/\/www.immoschwab.ch\/wp-content\/uploads\/2024\/02\/Immoschwab-AG-Anlaesse-und-Termine.jpg\" \/>\n\t<meta property=\"og:image:width\" content=\"1920\" \/>\n\t<meta property=\"og:image:height\" content=\"1280\" \/>\n\t<meta property=\"og:image:type\" content=\"image\/jpeg\" \/>\n<meta name=\"twitter:card\" content=\"summary_large_image\" \/>\n<meta name=\"twitter:label1\" content=\"Dur\u00e9e de lecture estim\u00e9e\" \/>\n\t<meta name=\"twitter:data1\" content=\"1 minute\" \/>\n<script type=\"application\/ld+json\" class=\"yoast-schema-graph\">{\"@context\":\"https:\\\/\\\/schema.org\",\"@graph\":[{\"@type\":\"WebPage\",\"@id\":\"https:\\\/\\\/www.immoschwab.ch\\\/fr\\\/savoir\\\/manifestations-et-dates\\\/\",\"url\":\"https:\\\/\\\/www.immoschwab.ch\\\/fr\\\/savoir\\\/manifestations-et-dates\\\/\",\"name\":\"Manifestations et dates &#8211; Immoschwab SA \u00e0 Morat et Aarberg\",\"isPartOf\":{\"@id\":\"https:\\\/\\\/www.immoschwab.ch\\\/fr\\\/#website\"},\"primaryImageOfPage\":{\"@id\":\"https:\\\/\\\/www.immoschwab.ch\\\/fr\\\/savoir\\\/manifestations-et-dates\\\/#primaryimage\"},\"image\":{\"@id\":\"https:\\\/\\\/www.immoschwab.ch\\\/fr\\\/savoir\\\/manifestations-et-dates\\\/#primaryimage\"},\"thumbnailUrl\":\"https:\\\/\\\/www.immoschwab.ch\\\/wp-content\\\/uploads\\\/2024\\\/02\\\/Immoschwab-AG-Anlaesse-und-Termine.jpg\",\"datePublished\":\"2024-02-02T09:18:56+00:00\",\"dateModified\":\"2026-03-20T09:24:03+00:00\",\"breadcrumb\":{\"@id\":\"https:\\\/\\\/www.immoschwab.ch\\\/fr\\\/savoir\\\/manifestations-et-dates\\\/#breadcrumb\"},\"inLanguage\":\"fr-FR\",\"potentialAction\":[{\"@type\":\"ReadAction\",\"target\":[\"https:\\\/\\\/www.immoschwab.ch\\\/fr\\\/savoir\\\/manifestations-et-dates\\\/\"]}]},{\"@type\":\"ImageObject\",\"inLanguage\":\"fr-FR\",\"@id\":\"https:\\\/\\\/www.immoschwab.ch\\\/fr\\\/savoir\\\/manifestations-et-dates\\\/#primaryimage\",\"url\":\"https:\\\/\\\/www.immoschwab.ch\\\/wp-content\\\/uploads\\\/2024\\\/02\\\/Immoschwab-AG-Anlaesse-und-Termine.jpg\",\"contentUrl\":\"https:\\\/\\\/www.immoschwab.ch\\\/wp-content\\\/uploads\\\/2024\\\/02\\\/Immoschwab-AG-Anlaesse-und-Termine.jpg\",\"width\":1920,\"height\":1280},{\"@type\":\"BreadcrumbList\",\"@id\":\"https:\\\/\\\/www.immoschwab.ch\\\/fr\\\/savoir\\\/manifestations-et-dates\\\/#breadcrumb\",\"itemListElement\":[{\"@type\":\"ListItem\",\"position\":1,\"name\":\"Home\",\"item\":\"https:\\\/\\\/www.immoschwab.ch\\\/fr\\\/\"},{\"@type\":\"ListItem\",\"position\":2,\"name\":\"Savoir\",\"item\":\"https:\\\/\\\/www.immoschwab.ch\\\/fr\\\/savoir\\\/\"},{\"@type\":\"ListItem\",\"position\":3,\"name\":\"Manifestations et dates\"}]},{\"@type\":\"WebSite\",\"@id\":\"https:\\\/\\\/www.immoschwab.ch\\\/fr\\\/#website\",\"url\":\"https:\\\/\\\/www.immoschwab.ch\\\/fr\\\/\",\"name\":\"Immoschwab SA \u00e0 Morat et Aarberg\",\"description\":\"\",\"publisher\":{\"@id\":\"https:\\\/\\\/www.immoschwab.ch\\\/fr\\\/#organization\"},\"potentialAction\":[{\"@type\":\"SearchAction\",\"target\":{\"@type\":\"EntryPoint\",\"urlTemplate\":\"https:\\\/\\\/www.immoschwab.ch\\\/fr\\\/?s={search_term_string}\"},\"query-input\":{\"@type\":\"PropertyValueSpecification\",\"valueRequired\":true,\"valueName\":\"search_term_string\"}}],\"inLanguage\":\"fr-FR\"},{\"@type\":\"Organization\",\"@id\":\"https:\\\/\\\/www.immoschwab.ch\\\/fr\\\/#organization\",\"name\":\"Immoschwab AG\",\"url\":\"https:\\\/\\\/www.immoschwab.ch\\\/fr\\\/\",\"logo\":{\"@type\":\"ImageObject\",\"inLanguage\":\"fr-FR\",\"@id\":\"https:\\\/\\\/www.immoschwab.ch\\\/fr\\\/#\\\/schema\\\/logo\\\/image\\\/\",\"url\":\"https:\\\/\\\/www.immoschwab.ch\\\/wp-content\\\/uploads\\\/2023\\\/08\\\/logo-immoschwab-color.svg\",\"contentUrl\":\"https:\\\/\\\/www.immoschwab.ch\\\/wp-content\\\/uploads\\\/2023\\\/08\\\/logo-immoschwab-color.svg\",\"width\":291,\"height\":65,\"caption\":\"Immoschwab AG\"},\"image\":{\"@id\":\"https:\\\/\\\/www.immoschwab.ch\\\/fr\\\/#\\\/schema\\\/logo\\\/image\\\/\"},\"sameAs\":[\"https:\\\/\\\/www.facebook.com\\\/immoschwabag\\\/\",\"https:\\\/\\\/www.instagram.com\\\/immoschwabag\\\/\",\"https:\\\/\\\/www.linkedin.com\\\/company\\\/immoschwab-ag\\\/\"]}]}<\/script>\n<!-- \/ Yoast SEO plugin. -->","yoast_head_json":{"title":"Manifestations et dates &#8211; Immoschwab SA \u00e0 Morat et Aarberg","robots":{"index":"index","follow":"follow","max-snippet":"max-snippet:-1","max-image-preview":"max-image-preview:large","max-video-preview":"max-video-preview:-1"},"canonical":"https:\/\/www.immoschwab.ch\/fr\/savoir\/manifestations-et-dates\/","og_locale":"fr_FR","og_type":"article","og_title":"Manifestations et dates &#8211; Immoschwab SA \u00e0 Morat et Aarberg","og_description":"Manifestations et dates Vous trouverez ici un aper\u00e7u des prochaines dates d'actions et de manifestations ainsi que des participations \u00e0 des salons. Annonce pr\u00e9alable : Journ\u00e9e portes ouvertes \u00e0 l\u2019occasion du jubil\u00e9 de l\u2019entreprise Date : samedi 19 septembre 2026Heure : de 11h00 \u00e0 16h00 Vous trouverez ici \u00e9galement plus d\u2019informations sur le jubil\u00e9. Vers [&hellip;]","og_url":"https:\/\/www.immoschwab.ch\/fr\/savoir\/manifestations-et-dates\/","og_site_name":"Immoschwab SA \u00e0 Morat et Aarberg","article_publisher":"https:\/\/www.facebook.com\/immoschwabag\/","article_modified_time":"2026-03-20T09:24:03+00:00","og_image":[{"width":1920,"height":1280,"url":"https:\/\/www.immoschwab.ch\/wp-content\/uploads\/2024\/02\/Immoschwab-AG-Anlaesse-und-Termine.jpg","type":"image\/jpeg"}],"twitter_card":"summary_large_image","twitter_misc":{"Dur\u00e9e de lecture estim\u00e9e":"1 minute"},"schema":{"@context":"https:\/\/schema.org","@graph":[{"@type":"WebPage","@id":"https:\/\/www.immoschwab.ch\/fr\/savoir\/manifestations-et-dates\/","url":"https:\/\/www.immoschwab.ch\/fr\/savoir\/manifestations-et-dates\/","name":"Manifestations et dates &#8211; Immoschwab SA \u00e0 Morat et Aarberg","isPartOf":{"@id":"https:\/\/www.immoschwab.ch\/fr\/#website"},"primaryImageOfPage":{"@id":"https:\/\/www.immoschwab.ch\/fr\/savoir\/manifestations-et-dates\/#primaryimage"},"image":{"@id":"https:\/\/www.immoschwab.ch\/fr\/savoir\/manifestations-et-dates\/#primaryimage"},"thumbnailUrl":"https:\/\/www.immoschwab.ch\/wp-content\/uploads\/2024\/02\/Immoschwab-AG-Anlaesse-und-Termine.jpg","datePublished":"2024-02-02T09:18:56+00:00","dateModified":"2026-03-20T09:24:03+00:00","breadcrumb":{"@id":"https:\/\/www.immoschwab.ch\/fr\/savoir\/manifestations-et-dates\/#breadcrumb"},"inLanguage":"fr-FR","potentialAction":[{"@type":"ReadAction","target":["https:\/\/www.immoschwab.ch\/fr\/savoir\/manifestations-et-dates\/"]}]},{"@type":"ImageObject","inLanguage":"fr-FR","@id":"https:\/\/www.immoschwab.ch\/fr\/savoir\/manifestations-et-dates\/#primaryimage","url":"https:\/\/www.immoschwab.ch\/wp-content\/uploads\/2024\/02\/Immoschwab-AG-Anlaesse-und-Termine.jpg","contentUrl":"https:\/\/www.immoschwab.ch\/wp-content\/uploads\/2024\/02\/Immoschwab-AG-Anlaesse-und-Termine.jpg","width":1920,"height":1280},{"@type":"BreadcrumbList","@id":"https:\/\/www.immoschwab.ch\/fr\/savoir\/manifestations-et-dates\/#breadcrumb","itemListElement":[{"@type":"ListItem","position":1,"name":"Home","item":"https:\/\/www.immoschwab.ch\/fr\/"},{"@type":"ListItem","position":2,"name":"Savoir","item":"https:\/\/www.immoschwab.ch\/fr\/savoir\/"},{"@type":"ListItem","position":3,"name":"Manifestations et dates"}]},{"@type":"WebSite","@id":"https:\/\/www.immoschwab.ch\/fr\/#website","url":"https:\/\/www.immoschwab.ch\/fr\/","name":"Immoschwab SA \u00e0 Morat et Aarberg","description":"","publisher":{"@id":"https:\/\/www.immoschwab.ch\/fr\/#organization"},"potentialAction":[{"@type":"SearchAction","target":{"@type":"EntryPoint","urlTemplate":"https:\/\/www.immoschwab.ch\/fr\/?s={search_term_string}"},"query-input":{"@type":"PropertyValueSpecification","valueRequired":true,"valueName":"search_term_string"}}],"inLanguage":"fr-FR"},{"@type":"Organization","@id":"https:\/\/www.immoschwab.ch\/fr\/#organization","name":"Immoschwab AG","url":"https:\/\/www.immoschwab.ch\/fr\/","logo":{"@type":"ImageObject","inLanguage":"fr-FR","@id":"https:\/\/www.immoschwab.ch\/fr\/#\/schema\/logo\/image\/","url":"https:\/\/www.immoschwab.ch\/wp-content\/uploads\/2023\/08\/logo-immoschwab-color.svg","contentUrl":"https:\/\/www.immoschwab.ch\/wp-content\/uploads\/2023\/08\/logo-immoschwab-color.svg","width":291,"height":65,"caption":"Immoschwab AG"},"image":{"@id":"https:\/\/www.immoschwab.ch\/fr\/#\/schema\/logo\/image\/"},"sameAs":["https:\/\/www.facebook.com\/immoschwabag\/","https:\/\/www.instagram.com\/immoschwabag\/","https:\/\/www.linkedin.com\/company\/immoschwab-ag\/"]}]}},"_links":{"self":[{"href":"https:\/\/www.immoschwab.ch\/fr\/wp-json\/wp\/v2\/pages\/11284","targetHints":{"allow":["GET"]}}],"collection":[{"href":"https:\/\/www.immoschwab.ch\/fr\/wp-json\/wp\/v2\/pages"}],"about":[{"href":"https:\/\/www.immoschwab.ch\/fr\/wp-json\/wp\/v2\/types\/page"}],"author":[{"embeddable":true,"href":"https:\/\/www.immoschwab.ch\/fr\/wp-json\/wp\/v2\/users\/1"}],"replies":[{"embeddable":true,"href":"https:\/\/www.immoschwab.ch\/fr\/wp-json\/wp\/v2\/comments?post=11284"}],"version-history":[{"count":51,"href":"https:\/\/www.immoschwab.ch\/fr\/wp-json\/wp\/v2\/pages\/11284\/revisions"}],"predecessor-version":[{"id":25487,"href":"https:\/\/www.immoschwab.ch\/fr\/wp-json\/wp\/v2\/pages\/11284\/revisions\/25487"}],"up":[{"embeddable":true,"href":"https:\/\/www.immoschwab.ch\/fr\/wp-json\/wp\/v2\/pages\/5853"}],"wp:featuredmedia":[{"embeddable":true,"href":"https:\/\/www.immoschwab.ch\/fr\/wp-json\/wp\/v2\/media\/11267"}],"wp:attachment":[{"href":"https:\/\/www.immoschwab.ch\/fr\/wp-json\/wp\/v2\/media?parent=11284"}],"curies":[{"name":"wp","href":"https:\/\/api.w.org\/{rel}","templated":true}]}}