{"id":25474,"date":"2026-03-20T10:08:30","date_gmt":"2026-03-20T09:08:30","guid":{"rendered":"https:\/\/www.immoschwab.ch\/savoir\/manifestations-et-dates\/40-jahre-immoschwab-ein-grund-zum-feiern\/"},"modified":"2026-03-26T08:28:20","modified_gmt":"2026-03-26T07:28:20","slug":"40-ans-immoschwab-une-raison-de-celebrer","status":"publish","type":"page","link":"https:\/\/www.immoschwab.ch\/fr\/savoir\/manifestations-et-dates\/40-ans-immoschwab-une-raison-de-celebrer\/","title":{"rendered":"40 ans Immoschwab \u2013 une raison de c\u00e9l\u00e9brer"},"content":{"rendered":"\t\t<div data-elementor-type=\"wp-page\" data-elementor-id=\"25474\" class=\"elementor elementor-25474 elementor-25438\" data-elementor-post-type=\"page\">\n\t\t\t\t\t\t<section class=\"elementor-section elementor-top-section elementor-element elementor-element-28c4dc1 elementor-section-boxed elementor-section-height-default elementor-section-height-default\" data-id=\"28c4dc1\" data-element_type=\"section\" data-e-type=\"section\">\n\t\t\t\t\t\t<div class=\"elementor-container elementor-column-gap-default\">\n\t\t\t\t\t<div class=\"elementor-column elementor-col-100 elementor-top-column elementor-element elementor-element-b859393\" data-id=\"b859393\" data-element_type=\"column\" data-e-type=\"column\">\n\t\t\t<div class=\"elementor-widget-wrap elementor-element-populated\">\n\t\t\t\t\t\t<div class=\"elementor-element elementor-element-dace564 elementor-widget elementor-widget-text-editor\" data-id=\"dace564\" data-element_type=\"widget\" data-e-type=\"widget\" data-widget_type=\"text-editor.default\">\n\t\t\t\t<div class=\"elementor-widget-container\">\n\t\t\t\t\t\t\t\t\t<p><strong>Annonce pr\u00e9alable :<\/strong> Journ\u00e9e portes ouvertes \u00e0 l\u2019occasion du jubil\u00e9 de l\u2019entreprise<br><strong>Date :<\/strong> samedi 19 septembre 2026<br><strong>Heure :<\/strong> de 11h00 \u00e0 16h00<\/p>\n<p>Plus d\u2019informations sur la manifestation suivront.<\/p>\n<h2>40 ans Immoschwab \u2013 une confiance qui perdure<\/h2>\n<p>Depuis plus de 40 ans, Immoschwab est synonyme de comp\u00e9tence, de fiabilit\u00e9 et d\u2019ancrage r\u00e9gional. L\u2019histoire commence en 1976 avec la fondation de \"Treuhand Schwab\" par Bernhard Schwab. Avec l\u2019arriv\u00e9e de son fr\u00e8re Renat et la cr\u00e9ation de \"Immobilien B + R Schwab AG\" en 1985, les bases de l\u2019entreprise actuelle ont \u00e9t\u00e9 pos\u00e9es. Depuis 2010, la soci\u00e9t\u00e9 porte le nom Immoschwab et, depuis 2011, elle est dirig\u00e9e par des collaborateurs de longue date qui ont marqu\u00e9 son d\u00e9veloppement.<\/p>\n<h2>Des valeurs qui \u00e9voluent avec le temps<\/h2>\n<p>Au cours de quatre d\u00e9cennies, beaucoup de choses ont chang\u00e9 : les processus se sont digitalis\u00e9s, les outils se sont modernis\u00e9s et les m\u00e9thodes de travail sont devenues plus efficaces. Ce qui est rest\u00e9, ce sont les valeurs fondamentales \u2013 pr\u00e9cision, engagement et conseil personnalis\u00e9. Immoschwab allie tradition et innovation et mise sur des solutions modernes sans perdre la proximit\u00e9 avec sa client\u00e8le. Cette combinaison constitue aujourd\u2019hui encore la base de relations durables et de confiance.<\/p>\n<h2>Fortement ancr\u00e9e dans la r\u00e9gion \u2013 aujourd\u2019hui et demain<\/h2>\n<p>Immoschwab est active dans le Seeland autour de Morat ainsi qu\u2019\u00e0 Aarberg et Lyss et emploie plus de 20 collaborateurs. L\u2019offre de services s\u2019\u00e9tend de l\u2019estimation \u00e0 la vente, en passant par la gestion immobili\u00e8re. L\u2019adh\u00e9sion \u00e0 la Chambre suisse des courtiers ainsi que la formation d\u2019apprentis soulignent l\u2019exigence de qualit\u00e9 et de responsabilit\u00e9. Depuis toujours, les personnes sont au c\u0153ur de notre activit\u00e9 \u2013 collaborateurs, clients et partenaires. Avec reconnaissance pour le chemin parcouru et un regard tourn\u00e9 vers l\u2019avenir, nous poursuivons notre histoire.<\/p>\t\t\t\t\t\t\t\t<\/div>\n\t\t\t\t<\/div>\n\t\t\t\t\t<\/div>\n\t\t<\/div>\n\t\t\t\t\t<\/div>\n\t\t<\/section>\n\t\t\t\t<\/div>\n\t\t","protected":false},"excerpt":{"rendered":"<p>Annonce pr\u00e9alable : Journ\u00e9e portes ouvertes \u00e0 l\u2019occasion du jubil\u00e9 de l\u2019entrepriseDate : samedi 19 septembre 2026Heure : de 11h00 \u00e0 16h00 Plus d\u2019informations sur la manifestation suivront. 40 ans Immoschwab \u2013 une confiance qui perdure Depuis plus de 40 ans, Immoschwab est synonyme de comp\u00e9tence, de fiabilit\u00e9 et d\u2019ancrage r\u00e9gional. L\u2019histoire commence en 1976 [&hellip;]<\/p>\n","protected":false},"author":1,"featured_media":25440,"parent":11284,"menu_order":0,"comment_status":"closed","ping_status":"closed","template":"","meta":{"_acf_changed":false,"footnotes":""},"class_list":["post-25474","page","type-page","status-publish","has-post-thumbnail","hentry"],"acf":[],"yoast_head":"<!-- This site is optimized with the Yoast SEO plugin v27.3 - https:\/\/yoast.com\/product\/yoast-seo-wordpress\/ -->\n<title>40 ans Immoschwab \u2013 une raison de c\u00e9l\u00e9brer &#8211; Immoschwab SA \u00e0 Morat et Aarberg<\/title>\n<meta name=\"robots\" content=\"index, follow, max-snippet:-1, max-image-preview:large, max-video-preview:-1\" \/>\n<link rel=\"canonical\" href=\"https:\/\/www.immoschwab.ch\/fr\/savoir\/manifestations-et-dates\/40-ans-immoschwab-une-raison-de-celebrer\/\" \/>\n<meta property=\"og:locale\" content=\"fr_FR\" \/>\n<meta property=\"og:type\" content=\"article\" \/>\n<meta property=\"og:title\" content=\"40 ans Immoschwab \u2013 une raison de c\u00e9l\u00e9brer &#8211; Immoschwab SA \u00e0 Morat et Aarberg\" \/>\n<meta property=\"og:description\" content=\"Annonce pr\u00e9alable : Journ\u00e9e portes ouvertes \u00e0 l\u2019occasion du jubil\u00e9 de l\u2019entrepriseDate : samedi 19 septembre 2026Heure : de 11h00 \u00e0 16h00 Plus d\u2019informations sur la manifestation suivront. 40 ans Immoschwab \u2013 une confiance qui perdure Depuis plus de 40 ans, Immoschwab est synonyme de comp\u00e9tence, de fiabilit\u00e9 et d\u2019ancrage r\u00e9gional. L\u2019histoire commence en 1976 [&hellip;]\" \/>\n<meta property=\"og:url\" content=\"https:\/\/www.immoschwab.ch\/fr\/savoir\/manifestations-et-dates\/40-ans-immoschwab-une-raison-de-celebrer\/\" \/>\n<meta property=\"og:site_name\" content=\"Immoschwab SA \u00e0 Morat et Aarberg\" \/>\n<meta property=\"article:publisher\" content=\"https:\/\/www.facebook.com\/immoschwabag\/\" \/>\n<meta property=\"article:modified_time\" content=\"2026-03-26T07:28:20+00:00\" \/>\n<meta property=\"og:image\" content=\"https:\/\/www.immoschwab.ch\/wp-content\/uploads\/2026\/03\/Immoschwab-09244-scaled.jpg\" \/>\n\t<meta property=\"og:image:width\" content=\"2048\" \/>\n\t<meta property=\"og:image:height\" content=\"1366\" \/>\n\t<meta property=\"og:image:type\" content=\"image\/jpeg\" \/>\n<meta name=\"twitter:card\" content=\"summary_large_image\" \/>\n<meta name=\"twitter:label1\" content=\"Dur\u00e9e de lecture estim\u00e9e\" \/>\n\t<meta name=\"twitter:data1\" content=\"2 minutes\" \/>\n<script type=\"application\/ld+json\" class=\"yoast-schema-graph\">{\"@context\":\"https:\\\/\\\/schema.org\",\"@graph\":[{\"@type\":\"WebPage\",\"@id\":\"https:\\\/\\\/www.immoschwab.ch\\\/fr\\\/savoir\\\/manifestations-et-dates\\\/40-ans-immoschwab-une-raison-de-celebrer\\\/\",\"url\":\"https:\\\/\\\/www.immoschwab.ch\\\/fr\\\/savoir\\\/manifestations-et-dates\\\/40-ans-immoschwab-une-raison-de-celebrer\\\/\",\"name\":\"40 ans Immoschwab \u2013 une raison de c\u00e9l\u00e9brer &#8211; Immoschwab SA \u00e0 Morat et Aarberg\",\"isPartOf\":{\"@id\":\"https:\\\/\\\/www.immoschwab.ch\\\/fr\\\/#website\"},\"primaryImageOfPage\":{\"@id\":\"https:\\\/\\\/www.immoschwab.ch\\\/fr\\\/savoir\\\/manifestations-et-dates\\\/40-ans-immoschwab-une-raison-de-celebrer\\\/#primaryimage\"},\"image\":{\"@id\":\"https:\\\/\\\/www.immoschwab.ch\\\/fr\\\/savoir\\\/manifestations-et-dates\\\/40-ans-immoschwab-une-raison-de-celebrer\\\/#primaryimage\"},\"thumbnailUrl\":\"https:\\\/\\\/www.immoschwab.ch\\\/wp-content\\\/uploads\\\/2026\\\/03\\\/Immoschwab-09244-scaled.jpg\",\"datePublished\":\"2026-03-20T09:08:30+00:00\",\"dateModified\":\"2026-03-26T07:28:20+00:00\",\"breadcrumb\":{\"@id\":\"https:\\\/\\\/www.immoschwab.ch\\\/fr\\\/savoir\\\/manifestations-et-dates\\\/40-ans-immoschwab-une-raison-de-celebrer\\\/#breadcrumb\"},\"inLanguage\":\"fr-FR\",\"potentialAction\":[{\"@type\":\"ReadAction\",\"target\":[\"https:\\\/\\\/www.immoschwab.ch\\\/fr\\\/savoir\\\/manifestations-et-dates\\\/40-ans-immoschwab-une-raison-de-celebrer\\\/\"]}]},{\"@type\":\"ImageObject\",\"inLanguage\":\"fr-FR\",\"@id\":\"https:\\\/\\\/www.immoschwab.ch\\\/fr\\\/savoir\\\/manifestations-et-dates\\\/40-ans-immoschwab-une-raison-de-celebrer\\\/#primaryimage\",\"url\":\"https:\\\/\\\/www.immoschwab.ch\\\/wp-content\\\/uploads\\\/2026\\\/03\\\/Immoschwab-09244-scaled.jpg\",\"contentUrl\":\"https:\\\/\\\/www.immoschwab.ch\\\/wp-content\\\/uploads\\\/2026\\\/03\\\/Immoschwab-09244-scaled.jpg\",\"width\":2048,\"height\":1366},{\"@type\":\"BreadcrumbList\",\"@id\":\"https:\\\/\\\/www.immoschwab.ch\\\/fr\\\/savoir\\\/manifestations-et-dates\\\/40-ans-immoschwab-une-raison-de-celebrer\\\/#breadcrumb\",\"itemListElement\":[{\"@type\":\"ListItem\",\"position\":1,\"name\":\"Home\",\"item\":\"https:\\\/\\\/www.immoschwab.ch\\\/fr\\\/\"},{\"@type\":\"ListItem\",\"position\":2,\"name\":\"Savoir\",\"item\":\"https:\\\/\\\/www.immoschwab.ch\\\/fr\\\/savoir\\\/\"},{\"@type\":\"ListItem\",\"position\":3,\"name\":\"Manifestations et dates\",\"item\":\"https:\\\/\\\/www.immoschwab.ch\\\/fr\\\/savoir\\\/manifestations-et-dates\\\/\"},{\"@type\":\"ListItem\",\"position\":4,\"name\":\"40 ans Immoschwab \u2013 une raison de c\u00e9l\u00e9brer\"}]},{\"@type\":\"WebSite\",\"@id\":\"https:\\\/\\\/www.immoschwab.ch\\\/fr\\\/#website\",\"url\":\"https:\\\/\\\/www.immoschwab.ch\\\/fr\\\/\",\"name\":\"Immoschwab SA \u00e0 Morat et Aarberg\",\"description\":\"\",\"publisher\":{\"@id\":\"https:\\\/\\\/www.immoschwab.ch\\\/fr\\\/#organization\"},\"potentialAction\":[{\"@type\":\"SearchAction\",\"target\":{\"@type\":\"EntryPoint\",\"urlTemplate\":\"https:\\\/\\\/www.immoschwab.ch\\\/fr\\\/?s={search_term_string}\"},\"query-input\":{\"@type\":\"PropertyValueSpecification\",\"valueRequired\":true,\"valueName\":\"search_term_string\"}}],\"inLanguage\":\"fr-FR\"},{\"@type\":\"Organization\",\"@id\":\"https:\\\/\\\/www.immoschwab.ch\\\/fr\\\/#organization\",\"name\":\"Immoschwab AG\",\"url\":\"https:\\\/\\\/www.immoschwab.ch\\\/fr\\\/\",\"logo\":{\"@type\":\"ImageObject\",\"inLanguage\":\"fr-FR\",\"@id\":\"https:\\\/\\\/www.immoschwab.ch\\\/fr\\\/#\\\/schema\\\/logo\\\/image\\\/\",\"url\":\"https:\\\/\\\/www.immoschwab.ch\\\/wp-content\\\/uploads\\\/2023\\\/08\\\/logo-immoschwab-color.svg\",\"contentUrl\":\"https:\\\/\\\/www.immoschwab.ch\\\/wp-content\\\/uploads\\\/2023\\\/08\\\/logo-immoschwab-color.svg\",\"width\":291,\"height\":65,\"caption\":\"Immoschwab AG\"},\"image\":{\"@id\":\"https:\\\/\\\/www.immoschwab.ch\\\/fr\\\/#\\\/schema\\\/logo\\\/image\\\/\"},\"sameAs\":[\"https:\\\/\\\/www.facebook.com\\\/immoschwabag\\\/\",\"https:\\\/\\\/www.instagram.com\\\/immoschwabag\\\/\",\"https:\\\/\\\/www.linkedin.com\\\/company\\\/immoschwab-ag\\\/\"]}]}<\/script>\n<!-- \/ Yoast SEO plugin. -->","yoast_head_json":{"title":"40 ans Immoschwab \u2013 une raison de c\u00e9l\u00e9brer &#8211; Immoschwab SA \u00e0 Morat et Aarberg","robots":{"index":"index","follow":"follow","max-snippet":"max-snippet:-1","max-image-preview":"max-image-preview:large","max-video-preview":"max-video-preview:-1"},"canonical":"https:\/\/www.immoschwab.ch\/fr\/savoir\/manifestations-et-dates\/40-ans-immoschwab-une-raison-de-celebrer\/","og_locale":"fr_FR","og_type":"article","og_title":"40 ans Immoschwab \u2013 une raison de c\u00e9l\u00e9brer &#8211; Immoschwab SA \u00e0 Morat et Aarberg","og_description":"Annonce pr\u00e9alable : Journ\u00e9e portes ouvertes \u00e0 l\u2019occasion du jubil\u00e9 de l\u2019entrepriseDate : samedi 19 septembre 2026Heure : de 11h00 \u00e0 16h00 Plus d\u2019informations sur la manifestation suivront. 40 ans Immoschwab \u2013 une confiance qui perdure Depuis plus de 40 ans, Immoschwab est synonyme de comp\u00e9tence, de fiabilit\u00e9 et d\u2019ancrage r\u00e9gional. L\u2019histoire commence en 1976 [&hellip;]","og_url":"https:\/\/www.immoschwab.ch\/fr\/savoir\/manifestations-et-dates\/40-ans-immoschwab-une-raison-de-celebrer\/","og_site_name":"Immoschwab SA \u00e0 Morat et Aarberg","article_publisher":"https:\/\/www.facebook.com\/immoschwabag\/","article_modified_time":"2026-03-26T07:28:20+00:00","og_image":[{"width":2048,"height":1366,"url":"https:\/\/www.immoschwab.ch\/wp-content\/uploads\/2026\/03\/Immoschwab-09244-scaled.jpg","type":"image\/jpeg"}],"twitter_card":"summary_large_image","twitter_misc":{"Dur\u00e9e de lecture estim\u00e9e":"2 minutes"},"schema":{"@context":"https:\/\/schema.org","@graph":[{"@type":"WebPage","@id":"https:\/\/www.immoschwab.ch\/fr\/savoir\/manifestations-et-dates\/40-ans-immoschwab-une-raison-de-celebrer\/","url":"https:\/\/www.immoschwab.ch\/fr\/savoir\/manifestations-et-dates\/40-ans-immoschwab-une-raison-de-celebrer\/","name":"40 ans Immoschwab \u2013 une raison de c\u00e9l\u00e9brer &#8211; Immoschwab SA \u00e0 Morat et Aarberg","isPartOf":{"@id":"https:\/\/www.immoschwab.ch\/fr\/#website"},"primaryImageOfPage":{"@id":"https:\/\/www.immoschwab.ch\/fr\/savoir\/manifestations-et-dates\/40-ans-immoschwab-une-raison-de-celebrer\/#primaryimage"},"image":{"@id":"https:\/\/www.immoschwab.ch\/fr\/savoir\/manifestations-et-dates\/40-ans-immoschwab-une-raison-de-celebrer\/#primaryimage"},"thumbnailUrl":"https:\/\/www.immoschwab.ch\/wp-content\/uploads\/2026\/03\/Immoschwab-09244-scaled.jpg","datePublished":"2026-03-20T09:08:30+00:00","dateModified":"2026-03-26T07:28:20+00:00","breadcrumb":{"@id":"https:\/\/www.immoschwab.ch\/fr\/savoir\/manifestations-et-dates\/40-ans-immoschwab-une-raison-de-celebrer\/#breadcrumb"},"inLanguage":"fr-FR","potentialAction":[{"@type":"ReadAction","target":["https:\/\/www.immoschwab.ch\/fr\/savoir\/manifestations-et-dates\/40-ans-immoschwab-une-raison-de-celebrer\/"]}]},{"@type":"ImageObject","inLanguage":"fr-FR","@id":"https:\/\/www.immoschwab.ch\/fr\/savoir\/manifestations-et-dates\/40-ans-immoschwab-une-raison-de-celebrer\/#primaryimage","url":"https:\/\/www.immoschwab.ch\/wp-content\/uploads\/2026\/03\/Immoschwab-09244-scaled.jpg","contentUrl":"https:\/\/www.immoschwab.ch\/wp-content\/uploads\/2026\/03\/Immoschwab-09244-scaled.jpg","width":2048,"height":1366},{"@type":"BreadcrumbList","@id":"https:\/\/www.immoschwab.ch\/fr\/savoir\/manifestations-et-dates\/40-ans-immoschwab-une-raison-de-celebrer\/#breadcrumb","itemListElement":[{"@type":"ListItem","position":1,"name":"Home","item":"https:\/\/www.immoschwab.ch\/fr\/"},{"@type":"ListItem","position":2,"name":"Savoir","item":"https:\/\/www.immoschwab.ch\/fr\/savoir\/"},{"@type":"ListItem","position":3,"name":"Manifestations et dates","item":"https:\/\/www.immoschwab.ch\/fr\/savoir\/manifestations-et-dates\/"},{"@type":"ListItem","position":4,"name":"40 ans Immoschwab \u2013 une raison de c\u00e9l\u00e9brer"}]},{"@type":"WebSite","@id":"https:\/\/www.immoschwab.ch\/fr\/#website","url":"https:\/\/www.immoschwab.ch\/fr\/","name":"Immoschwab SA \u00e0 Morat et Aarberg","description":"","publisher":{"@id":"https:\/\/www.immoschwab.ch\/fr\/#organization"},"potentialAction":[{"@type":"SearchAction","target":{"@type":"EntryPoint","urlTemplate":"https:\/\/www.immoschwab.ch\/fr\/?s={search_term_string}"},"query-input":{"@type":"PropertyValueSpecification","valueRequired":true,"valueName":"search_term_string"}}],"inLanguage":"fr-FR"},{"@type":"Organization","@id":"https:\/\/www.immoschwab.ch\/fr\/#organization","name":"Immoschwab AG","url":"https:\/\/www.immoschwab.ch\/fr\/","logo":{"@type":"ImageObject","inLanguage":"fr-FR","@id":"https:\/\/www.immoschwab.ch\/fr\/#\/schema\/logo\/image\/","url":"https:\/\/www.immoschwab.ch\/wp-content\/uploads\/2023\/08\/logo-immoschwab-color.svg","contentUrl":"https:\/\/www.immoschwab.ch\/wp-content\/uploads\/2023\/08\/logo-immoschwab-color.svg","width":291,"height":65,"caption":"Immoschwab AG"},"image":{"@id":"https:\/\/www.immoschwab.ch\/fr\/#\/schema\/logo\/image\/"},"sameAs":["https:\/\/www.facebook.com\/immoschwabag\/","https:\/\/www.instagram.com\/immoschwabag\/","https:\/\/www.linkedin.com\/company\/immoschwab-ag\/"]}]}},"_links":{"self":[{"href":"https:\/\/www.immoschwab.ch\/fr\/wp-json\/wp\/v2\/pages\/25474","targetHints":{"allow":["GET"]}}],"collection":[{"href":"https:\/\/www.immoschwab.ch\/fr\/wp-json\/wp\/v2\/pages"}],"about":[{"href":"https:\/\/www.immoschwab.ch\/fr\/wp-json\/wp\/v2\/types\/page"}],"author":[{"embeddable":true,"href":"https:\/\/www.immoschwab.ch\/fr\/wp-json\/wp\/v2\/users\/1"}],"replies":[{"embeddable":true,"href":"https:\/\/www.immoschwab.ch\/fr\/wp-json\/wp\/v2\/comments?post=25474"}],"version-history":[{"count":8,"href":"https:\/\/www.immoschwab.ch\/fr\/wp-json\/wp\/v2\/pages\/25474\/revisions"}],"predecessor-version":[{"id":25505,"href":"https:\/\/www.immoschwab.ch\/fr\/wp-json\/wp\/v2\/pages\/25474\/revisions\/25505"}],"up":[{"embeddable":true,"href":"https:\/\/www.immoschwab.ch\/fr\/wp-json\/wp\/v2\/pages\/11284"}],"wp:featuredmedia":[{"embeddable":true,"href":"https:\/\/www.immoschwab.ch\/fr\/wp-json\/wp\/v2\/media\/25440"}],"wp:attachment":[{"href":"https:\/\/www.immoschwab.ch\/fr\/wp-json\/wp\/v2\/media?parent=25474"}],"curies":[{"name":"wp","href":"https:\/\/api.w.org\/{rel}","templated":true}]}}