{"id":5727,"date":"2023-08-11T15:11:25","date_gmt":"2023-08-11T13:11:25","guid":{"rendered":"https:\/\/www.immoschwab.ch\/sitemap\/"},"modified":"2023-09-14T11:15:57","modified_gmt":"2023-09-14T09:15:57","slug":"plan-du-site","status":"publish","type":"page","link":"https:\/\/www.immoschwab.ch\/fr\/plan-du-site\/","title":{"rendered":"Plan du site"},"content":{"rendered":"\t\t<div data-elementor-type=\"wp-page\" data-elementor-id=\"5727\" class=\"elementor elementor-5727 elementor-438\" data-elementor-post-type=\"page\">\n\t\t\t\t\t\t<section class=\"elementor-section elementor-top-section elementor-element elementor-element-8b6115b elementor-section-boxed elementor-section-height-default elementor-section-height-default\" data-id=\"8b6115b\" data-element_type=\"section\" data-e-type=\"section\">\n\t\t\t\t\t\t<div class=\"elementor-container elementor-column-gap-default\">\n\t\t\t\t\t<div class=\"elementor-column elementor-col-100 elementor-top-column elementor-element elementor-element-5d90fb8\" data-id=\"5d90fb8\" data-element_type=\"column\" data-e-type=\"column\">\n\t\t\t<div class=\"elementor-widget-wrap elementor-element-populated\">\n\t\t\t\t\t\t<div class=\"elementor-element elementor-element-213b490 elementor-widget elementor-widget-sitemap\" data-id=\"213b490\" data-element_type=\"widget\" data-e-type=\"widget\" data-widget_type=\"sitemap.default\">\n\t\t\t\t<div class=\"elementor-widget-container\">\n\t\t\t\t\t<div class=\"elementor-sitemap-wrap\"><div class=\"elementor-sitemap-section\"><p class=\"elementor-sitemap-title elementor-sitemap-page-title\">Seiten<\/p><ul class=\"elementor-sitemap-list elementor-sitemap-page-list\"><li class=\"elementor-sitemap-item elementor-sitemap-item-page page_item page-item-5685\"><a href=\"https:\/\/www.immoschwab.ch\/fr\/\">Home<\/a><\/li><li class=\"elementor-sitemap-item elementor-sitemap-item-page page_item page-item-5771\"><a href=\"https:\/\/www.immoschwab.ch\/fr\/objets\/\">Objets<\/a><ul class='children'><li class=\"elementor-sitemap-item elementor-sitemap-item-page page_item page-item-5761\"><a href=\"https:\/\/www.immoschwab.ch\/fr\/objets\/acheter\/\">Acheter<\/a><\/li><li class=\"elementor-sitemap-item elementor-sitemap-item-page page_item page-item-5762\"><a href=\"https:\/\/www.immoschwab.ch\/fr\/objets\/louer\/\">Louer<\/a><\/li><\/ul><\/li><li class=\"elementor-sitemap-item elementor-sitemap-item-page page_item page-item-5849\"><a href=\"https:\/\/www.immoschwab.ch\/fr\/prestations\/\">Prestations<\/a><ul class='children'><li class=\"elementor-sitemap-item elementor-sitemap-item-page page_item page-item-5843\"><a href=\"https:\/\/www.immoschwab.ch\/fr\/prestations\/estimations-et-expertises\/\">Estimations et expertises<\/a><\/li><li class=\"elementor-sitemap-item elementor-sitemap-item-page page_item page-item-5844\"><a href=\"https:\/\/www.immoschwab.ch\/fr\/prestations\/vente-de-biens-immobiliers\/\">Vente de biens immobiliers<\/a><\/li><li class=\"elementor-sitemap-item elementor-sitemap-item-page page_item page-item-5845\"><a href=\"https:\/\/www.immoschwab.ch\/fr\/prestations\/gerance-dimmeubles-locatifs\/\">G\u00e9rance d\u2019immeubles locatifs<\/a><\/li><li class=\"elementor-sitemap-item elementor-sitemap-item-page page_item page-item-5846\"><a href=\"https:\/\/www.immoschwab.ch\/fr\/prestations\/administration-propriete-par-etage-ppe\/\">Administration Propri\u00e9t\u00e9 par \u00e9tage (PPE)<\/a><\/li><li class=\"elementor-sitemap-item elementor-sitemap-item-page page_item page-item-5847\"><a href=\"https:\/\/www.immoschwab.ch\/fr\/prestations\/service-de-location\/\">Service locations<\/a><\/li><li class=\"elementor-sitemap-item elementor-sitemap-item-page page_item page-item-5848\"><a href=\"https:\/\/www.immoschwab.ch\/fr\/prestations\/comptabilite-immobiliere\/\">Comptabilit\u00e9 immobili\u00e8re<\/a><\/li><\/ul><\/li><li class=\"elementor-sitemap-item elementor-sitemap-item-page page_item page-item-5853\"><a href=\"https:\/\/www.immoschwab.ch\/fr\/savoir\/\">Savoir<\/a><ul class='children'><li class=\"elementor-sitemap-item elementor-sitemap-item-page page_item page-item-11284\"><a href=\"https:\/\/www.immoschwab.ch\/fr\/savoir\/manifestations-et-dates\/\">Manifestations et dates<\/a><\/li><li class=\"elementor-sitemap-item elementor-sitemap-item-page page_item page-item-5850 current_page_parent\"><a href=\"https:\/\/www.immoschwab.ch\/fr\/savoir\/blog\/\">Blog<\/a><\/li><li class=\"elementor-sitemap-item elementor-sitemap-item-page page_item page-item-5851\"><a href=\"https:\/\/www.immoschwab.ch\/fr\/savoir\/analyse-du-potentiel\/\">Analyse du potentiel<\/a><\/li><li class=\"elementor-sitemap-item elementor-sitemap-item-page page_item page-item-5852\"><a href=\"https:\/\/www.immoschwab.ch\/fr\/savoir\/newsletter\/\">Newsletter<\/a><\/li><li class=\"elementor-sitemap-item elementor-sitemap-item-page page_item page-item-5854\"><a href=\"https:\/\/www.immoschwab.ch\/fr\/savoir\/check-lists-et-formulaires\/\">Check-Lists et Formulaires<\/a><\/li><li class=\"elementor-sitemap-item elementor-sitemap-item-page page_item page-item-13028\"><a href=\"https:\/\/www.immoschwab.ch\/fr\/savoir\/magazine-pour-les-clients\/\">Magazine pour les clients<\/a><\/li><\/ul><\/li><li class=\"elementor-sitemap-item elementor-sitemap-item-page page_item page-item-5855\"><a href=\"https:\/\/www.immoschwab.ch\/fr\/entreprise\/\">Entreprise<\/a><ul class='children'><li class=\"elementor-sitemap-item elementor-sitemap-item-page page_item page-item-5522\"><a href=\"https:\/\/www.immoschwab.ch\/fr\/entreprise\/reseau\/\">R\u00e9seau<\/a><\/li><li class=\"elementor-sitemap-item elementor-sitemap-item-page page_item page-item-5838\"><a href=\"https:\/\/www.immoschwab.ch\/fr\/entreprise\/sites\/\">Sites<\/a><\/li><li class=\"elementor-sitemap-item elementor-sitemap-item-page page_item page-item-5839\"><a href=\"https:\/\/www.immoschwab.ch\/fr\/entreprise\/emplois\/\">Emplois<\/a><\/li><li class=\"elementor-sitemap-item elementor-sitemap-item-page page_item page-item-5840\"><a href=\"https:\/\/www.immoschwab.ch\/fr\/entreprise\/equipe\/\">Equipe<\/a><\/li><li class=\"elementor-sitemap-item elementor-sitemap-item-page page_item page-item-5841\"><a href=\"https:\/\/www.immoschwab.ch\/fr\/entreprise\/portrait\/\">Portrait<\/a><\/li><li class=\"elementor-sitemap-item elementor-sitemap-item-page page_item page-item-5842\"><a href=\"https:\/\/www.immoschwab.ch\/fr\/entreprise\/references\/\">R\u00e9f\u00e9rences<\/a><\/li><\/ul><\/li><li class=\"elementor-sitemap-item elementor-sitemap-item-page page_item page-item-5856\"><a href=\"https:\/\/www.immoschwab.ch\/fr\/contact\/\">Contact<\/a><\/li><li class=\"elementor-sitemap-item elementor-sitemap-item-page page_item page-item-5727\"><a href=\"https:\/\/www.immoschwab.ch\/fr\/plan-du-site\/\">Plan du site<\/a><\/li><li class=\"elementor-sitemap-item elementor-sitemap-item-page page_item page-item-5734\"><a href=\"https:\/\/www.immoschwab.ch\/fr\/mentions-legales\/\">Mentions l\u00e9gales<\/a><\/li><li class=\"elementor-sitemap-item elementor-sitemap-item-page page_item page-item-5758\"><a href=\"https:\/\/www.immoschwab.ch\/fr\/declaration-de-protection-des-donnees\/\">D\u00e9claration de protection des donn\u00e9es<\/a><\/li><\/ul><\/div><\/div>\t\t\t\t<\/div>\n\t\t\t\t<\/div>\n\t\t\t\t\t<\/div>\n\t\t<\/div>\n\t\t\t\t\t<\/div>\n\t\t<\/section>\n\t\t\t\t<\/div>\n\t\t","protected":false},"excerpt":{"rendered":"","protected":false},"author":1,"featured_media":441,"parent":0,"menu_order":6,"comment_status":"closed","ping_status":"closed","template":"","meta":{"_acf_changed":false,"footnotes":""},"class_list":["post-5727","page","type-page","status-publish","has-post-thumbnail","hentry"],"acf":[],"yoast_head":"<!-- This site is optimized with the Yoast SEO plugin v27.3 - https:\/\/yoast.com\/product\/yoast-seo-wordpress\/ -->\n<title>Plan du site &#8211; Immoschwab SA \u00e0 Morat et Aarberg<\/title>\n<meta name=\"robots\" content=\"noindex, follow\" \/>\n<meta property=\"og:locale\" content=\"fr_FR\" \/>\n<meta property=\"og:type\" content=\"article\" \/>\n<meta property=\"og:title\" content=\"Plan du site &#8211; Immoschwab SA \u00e0 Morat et Aarberg\" \/>\n<meta property=\"og:url\" content=\"https:\/\/www.immoschwab.ch\/fr\/plan-du-site\/\" \/>\n<meta property=\"og:site_name\" content=\"Immoschwab SA \u00e0 Morat et Aarberg\" \/>\n<meta property=\"article:publisher\" content=\"https:\/\/www.facebook.com\/immoschwabag\/\" \/>\n<meta property=\"article:modified_time\" content=\"2023-09-14T09:15:57+00:00\" \/>\n<meta property=\"og:image\" content=\"https:\/\/www.immoschwab.ch\/wp-content\/uploads\/2023\/08\/iStock-148224764-scaled.jpg\" \/>\n\t<meta property=\"og:image:width\" content=\"2048\" \/>\n\t<meta property=\"og:image:height\" content=\"1525\" \/>\n\t<meta property=\"og:image:type\" content=\"image\/jpeg\" \/>\n<meta name=\"twitter:card\" content=\"summary_large_image\" \/>\n<script type=\"application\/ld+json\" class=\"yoast-schema-graph\">{\"@context\":\"https:\\\/\\\/schema.org\",\"@graph\":[{\"@type\":\"WebPage\",\"@id\":\"https:\\\/\\\/www.immoschwab.ch\\\/fr\\\/plan-du-site\\\/\",\"url\":\"https:\\\/\\\/www.immoschwab.ch\\\/fr\\\/plan-du-site\\\/\",\"name\":\"Plan du site &#8211; Immoschwab SA \u00e0 Morat et Aarberg\",\"isPartOf\":{\"@id\":\"https:\\\/\\\/www.immoschwab.ch\\\/fr\\\/#website\"},\"primaryImageOfPage\":{\"@id\":\"https:\\\/\\\/www.immoschwab.ch\\\/fr\\\/plan-du-site\\\/#primaryimage\"},\"image\":{\"@id\":\"https:\\\/\\\/www.immoschwab.ch\\\/fr\\\/plan-du-site\\\/#primaryimage\"},\"thumbnailUrl\":\"https:\\\/\\\/www.immoschwab.ch\\\/wp-content\\\/uploads\\\/2023\\\/08\\\/iStock-148224764-scaled.jpg\",\"datePublished\":\"2023-08-11T13:11:25+00:00\",\"dateModified\":\"2023-09-14T09:15:57+00:00\",\"breadcrumb\":{\"@id\":\"https:\\\/\\\/www.immoschwab.ch\\\/fr\\\/plan-du-site\\\/#breadcrumb\"},\"inLanguage\":\"fr-FR\",\"potentialAction\":[{\"@type\":\"ReadAction\",\"target\":[\"https:\\\/\\\/www.immoschwab.ch\\\/fr\\\/plan-du-site\\\/\"]}]},{\"@type\":\"ImageObject\",\"inLanguage\":\"fr-FR\",\"@id\":\"https:\\\/\\\/www.immoschwab.ch\\\/fr\\\/plan-du-site\\\/#primaryimage\",\"url\":\"https:\\\/\\\/www.immoschwab.ch\\\/wp-content\\\/uploads\\\/2023\\\/08\\\/iStock-148224764-scaled.jpg\",\"contentUrl\":\"https:\\\/\\\/www.immoschwab.ch\\\/wp-content\\\/uploads\\\/2023\\\/08\\\/iStock-148224764-scaled.jpg\",\"width\":2048,\"height\":1525,\"caption\":\"Site Map text. 3d rendered illustration isolated on white.\"},{\"@type\":\"BreadcrumbList\",\"@id\":\"https:\\\/\\\/www.immoschwab.ch\\\/fr\\\/plan-du-site\\\/#breadcrumb\",\"itemListElement\":[{\"@type\":\"ListItem\",\"position\":1,\"name\":\"Home\",\"item\":\"https:\\\/\\\/www.immoschwab.ch\\\/fr\\\/\"},{\"@type\":\"ListItem\",\"position\":2,\"name\":\"Plan du site\"}]},{\"@type\":\"WebSite\",\"@id\":\"https:\\\/\\\/www.immoschwab.ch\\\/fr\\\/#website\",\"url\":\"https:\\\/\\\/www.immoschwab.ch\\\/fr\\\/\",\"name\":\"Immoschwab SA \u00e0 Morat et Aarberg\",\"description\":\"\",\"publisher\":{\"@id\":\"https:\\\/\\\/www.immoschwab.ch\\\/fr\\\/#organization\"},\"potentialAction\":[{\"@type\":\"SearchAction\",\"target\":{\"@type\":\"EntryPoint\",\"urlTemplate\":\"https:\\\/\\\/www.immoschwab.ch\\\/fr\\\/?s={search_term_string}\"},\"query-input\":{\"@type\":\"PropertyValueSpecification\",\"valueRequired\":true,\"valueName\":\"search_term_string\"}}],\"inLanguage\":\"fr-FR\"},{\"@type\":\"Organization\",\"@id\":\"https:\\\/\\\/www.immoschwab.ch\\\/fr\\\/#organization\",\"name\":\"Immoschwab AG\",\"url\":\"https:\\\/\\\/www.immoschwab.ch\\\/fr\\\/\",\"logo\":{\"@type\":\"ImageObject\",\"inLanguage\":\"fr-FR\",\"@id\":\"https:\\\/\\\/www.immoschwab.ch\\\/fr\\\/#\\\/schema\\\/logo\\\/image\\\/\",\"url\":\"https:\\\/\\\/www.immoschwab.ch\\\/wp-content\\\/uploads\\\/2023\\\/08\\\/logo-immoschwab-color.svg\",\"contentUrl\":\"https:\\\/\\\/www.immoschwab.ch\\\/wp-content\\\/uploads\\\/2023\\\/08\\\/logo-immoschwab-color.svg\",\"width\":291,\"height\":65,\"caption\":\"Immoschwab AG\"},\"image\":{\"@id\":\"https:\\\/\\\/www.immoschwab.ch\\\/fr\\\/#\\\/schema\\\/logo\\\/image\\\/\"},\"sameAs\":[\"https:\\\/\\\/www.facebook.com\\\/immoschwabag\\\/\",\"https:\\\/\\\/www.instagram.com\\\/immoschwabag\\\/\",\"https:\\\/\\\/www.linkedin.com\\\/company\\\/immoschwab-ag\\\/\"]}]}<\/script>\n<!-- \/ Yoast SEO plugin. -->","yoast_head_json":{"title":"Plan du site &#8211; Immoschwab SA \u00e0 Morat et Aarberg","robots":{"index":"noindex","follow":"follow"},"og_locale":"fr_FR","og_type":"article","og_title":"Plan du site &#8211; Immoschwab SA \u00e0 Morat et Aarberg","og_url":"https:\/\/www.immoschwab.ch\/fr\/plan-du-site\/","og_site_name":"Immoschwab SA \u00e0 Morat et Aarberg","article_publisher":"https:\/\/www.facebook.com\/immoschwabag\/","article_modified_time":"2023-09-14T09:15:57+00:00","og_image":[{"width":2048,"height":1525,"url":"https:\/\/www.immoschwab.ch\/wp-content\/uploads\/2023\/08\/iStock-148224764-scaled.jpg","type":"image\/jpeg"}],"twitter_card":"summary_large_image","schema":{"@context":"https:\/\/schema.org","@graph":[{"@type":"WebPage","@id":"https:\/\/www.immoschwab.ch\/fr\/plan-du-site\/","url":"https:\/\/www.immoschwab.ch\/fr\/plan-du-site\/","name":"Plan du site &#8211; Immoschwab SA \u00e0 Morat et Aarberg","isPartOf":{"@id":"https:\/\/www.immoschwab.ch\/fr\/#website"},"primaryImageOfPage":{"@id":"https:\/\/www.immoschwab.ch\/fr\/plan-du-site\/#primaryimage"},"image":{"@id":"https:\/\/www.immoschwab.ch\/fr\/plan-du-site\/#primaryimage"},"thumbnailUrl":"https:\/\/www.immoschwab.ch\/wp-content\/uploads\/2023\/08\/iStock-148224764-scaled.jpg","datePublished":"2023-08-11T13:11:25+00:00","dateModified":"2023-09-14T09:15:57+00:00","breadcrumb":{"@id":"https:\/\/www.immoschwab.ch\/fr\/plan-du-site\/#breadcrumb"},"inLanguage":"fr-FR","potentialAction":[{"@type":"ReadAction","target":["https:\/\/www.immoschwab.ch\/fr\/plan-du-site\/"]}]},{"@type":"ImageObject","inLanguage":"fr-FR","@id":"https:\/\/www.immoschwab.ch\/fr\/plan-du-site\/#primaryimage","url":"https:\/\/www.immoschwab.ch\/wp-content\/uploads\/2023\/08\/iStock-148224764-scaled.jpg","contentUrl":"https:\/\/www.immoschwab.ch\/wp-content\/uploads\/2023\/08\/iStock-148224764-scaled.jpg","width":2048,"height":1525,"caption":"Site Map text. 3d rendered illustration isolated on white."},{"@type":"BreadcrumbList","@id":"https:\/\/www.immoschwab.ch\/fr\/plan-du-site\/#breadcrumb","itemListElement":[{"@type":"ListItem","position":1,"name":"Home","item":"https:\/\/www.immoschwab.ch\/fr\/"},{"@type":"ListItem","position":2,"name":"Plan du site"}]},{"@type":"WebSite","@id":"https:\/\/www.immoschwab.ch\/fr\/#website","url":"https:\/\/www.immoschwab.ch\/fr\/","name":"Immoschwab SA \u00e0 Morat et Aarberg","description":"","publisher":{"@id":"https:\/\/www.immoschwab.ch\/fr\/#organization"},"potentialAction":[{"@type":"SearchAction","target":{"@type":"EntryPoint","urlTemplate":"https:\/\/www.immoschwab.ch\/fr\/?s={search_term_string}"},"query-input":{"@type":"PropertyValueSpecification","valueRequired":true,"valueName":"search_term_string"}}],"inLanguage":"fr-FR"},{"@type":"Organization","@id":"https:\/\/www.immoschwab.ch\/fr\/#organization","name":"Immoschwab AG","url":"https:\/\/www.immoschwab.ch\/fr\/","logo":{"@type":"ImageObject","inLanguage":"fr-FR","@id":"https:\/\/www.immoschwab.ch\/fr\/#\/schema\/logo\/image\/","url":"https:\/\/www.immoschwab.ch\/wp-content\/uploads\/2023\/08\/logo-immoschwab-color.svg","contentUrl":"https:\/\/www.immoschwab.ch\/wp-content\/uploads\/2023\/08\/logo-immoschwab-color.svg","width":291,"height":65,"caption":"Immoschwab AG"},"image":{"@id":"https:\/\/www.immoschwab.ch\/fr\/#\/schema\/logo\/image\/"},"sameAs":["https:\/\/www.facebook.com\/immoschwabag\/","https:\/\/www.instagram.com\/immoschwabag\/","https:\/\/www.linkedin.com\/company\/immoschwab-ag\/"]}]}},"_links":{"self":[{"href":"https:\/\/www.immoschwab.ch\/fr\/wp-json\/wp\/v2\/pages\/5727","targetHints":{"allow":["GET"]}}],"collection":[{"href":"https:\/\/www.immoschwab.ch\/fr\/wp-json\/wp\/v2\/pages"}],"about":[{"href":"https:\/\/www.immoschwab.ch\/fr\/wp-json\/wp\/v2\/types\/page"}],"author":[{"embeddable":true,"href":"https:\/\/www.immoschwab.ch\/fr\/wp-json\/wp\/v2\/users\/1"}],"replies":[{"embeddable":true,"href":"https:\/\/www.immoschwab.ch\/fr\/wp-json\/wp\/v2\/comments?post=5727"}],"version-history":[{"count":0,"href":"https:\/\/www.immoschwab.ch\/fr\/wp-json\/wp\/v2\/pages\/5727\/revisions"}],"wp:featuredmedia":[{"embeddable":true,"href":"https:\/\/www.immoschwab.ch\/fr\/wp-json\/wp\/v2\/media\/441"}],"wp:attachment":[{"href":"https:\/\/www.immoschwab.ch\/fr\/wp-json\/wp\/v2\/media?parent=5727"}],"curies":[{"name":"wp","href":"https:\/\/api.w.org\/{rel}","templated":true}]}}