{"id":5839,"date":"2023-08-18T23:37:12","date_gmt":"2023-08-18T21:37:12","guid":{"rendered":"https:\/\/www.immoschwab.ch\/jobs\/"},"modified":"2026-04-03T14:08:22","modified_gmt":"2026-04-03T12:08:22","slug":"emplois","status":"publish","type":"page","link":"https:\/\/www.immoschwab.ch\/fr\/entreprise\/emplois\/","title":{"rendered":"Emplois"},"content":{"rendered":"\t\t<div data-elementor-type=\"wp-page\" data-elementor-id=\"5839\" class=\"elementor elementor-5839 elementor-4307\" data-elementor-post-type=\"page\">\n\t\t\t\t\t\t<section class=\"elementor-section elementor-top-section elementor-element elementor-element-4096055 elementor-section-boxed elementor-section-height-default elementor-section-height-default\" data-id=\"4096055\" data-element_type=\"section\" data-e-type=\"section\">\n\t\t\t\t\t\t<div class=\"elementor-container elementor-column-gap-default\">\n\t\t\t\t\t<div class=\"elementor-column elementor-col-100 elementor-top-column elementor-element elementor-element-9f0c6b5\" data-id=\"9f0c6b5\" data-element_type=\"column\" data-e-type=\"column\">\n\t\t\t<div class=\"elementor-widget-wrap elementor-element-populated\">\n\t\t\t\t\t\t<div class=\"elementor-element elementor-element-f121988 elementor-widget elementor-widget-leadtext\" data-id=\"f121988\" data-element_type=\"widget\" data-e-type=\"widget\" data-widget_type=\"leadtext.default\">\n\t\t\t\t<div class=\"elementor-widget-container\">\n\t\t\t\t\t<div class=\"lead\"><h1>Emplois<\/h1><p>Le logement est un besoin fondamental. De nombreuses \u00e9motions y sont li\u00e9es, qu'elles soient positives ou n\u00e9gatives. Nous nous consid\u00e9rons ici comme un compagnon de route et un partenaire de nos clients, afin de les conseiller de mani\u00e8re respectueuse et responsable sur toutes les questions relatives \u00e0 leurs biens immobiliers, \u00e0 leur vente ou \u00e0 leur acquisition, \u00e0 leur valeur marchande r\u00e9aliste ou \u00e0 leur gestion.<\/p><\/div>\t\t\t\t<\/div>\n\t\t\t\t<\/div>\n\t\t\t\t\t<\/div>\n\t\t<\/div>\n\t\t\t\t\t<\/div>\n\t\t<\/section>\n\t\t\t\t<section class=\"elementor-section elementor-top-section elementor-element elementor-element-bc2244c elementor-section-boxed elementor-section-height-default elementor-section-height-default\" data-id=\"bc2244c\" data-element_type=\"section\" data-e-type=\"section\">\n\t\t\t\t\t\t<div class=\"elementor-container elementor-column-gap-default\">\n\t\t\t\t\t<div class=\"elementor-column elementor-col-100 elementor-top-column elementor-element elementor-element-4b8dbfc\" data-id=\"4b8dbfc\" data-element_type=\"column\" data-e-type=\"column\">\n\t\t\t<div class=\"elementor-widget-wrap elementor-element-populated\">\n\t\t\t\t\t\t<div class=\"elementor-element elementor-element-18a7bc2 elementor-widget elementor-widget-text-editor\" data-id=\"18a7bc2\" data-element_type=\"widget\" data-e-type=\"widget\" data-widget_type=\"text-editor.default\">\n\t\t\t\t<div class=\"elementor-widget-container\">\n\t\t\t\t\t\t\t\t\t<p>Nous travaillons et vivons dans la r\u00e9gion, ce qui a contribu\u00e9 \u00e0 notre croissance et \u00e0 la success story qui en r\u00e9sulte. Tu souhaites toi aussi avoir un aper\u00e7u du secteur tr\u00e8s passionnant et tr\u00e8s vaste de l'immobilier ? Alors pose ta candidature pour le poste vacant ou de mani\u00e8re spontan\u00e9e.<\/p>\t\t\t\t\t\t\t\t<\/div>\n\t\t\t\t<\/div>\n\t\t\t\t<div class=\"elementor-element elementor-element-c170fe3 elementor-widget elementor-widget-button\" data-id=\"c170fe3\" data-element_type=\"widget\" data-e-type=\"widget\" data-widget_type=\"button.default\">\n\t\t\t\t<div class=\"elementor-widget-container\">\n\t\t\t\t\t\t\t\t\t<div class=\"elementor-button-wrapper\">\n\t\t\t\t\t<a class=\"elementor-button elementor-button-link elementor-size-sm\" href=\"https:\/\/www.immoschwab.ch\/fr\/contact\/\">\n\t\t\t\t\t\t<span class=\"elementor-button-content-wrapper\">\n\t\t\t\t\t\t\t\t\t<span class=\"elementor-button-text\">Postuler maintenant<\/span>\n\t\t\t\t\t<\/span>\n\t\t\t\t\t<\/a>\n\t\t\t\t<\/div>\n\t\t\t\t\t\t\t\t<\/div>\n\t\t\t\t<\/div>\n\t\t\t\t\t<\/div>\n\t\t<\/div>\n\t\t\t\t\t<\/div>\n\t\t<\/section>\n\t\t\t\t<section class=\"elementor-section elementor-top-section elementor-element elementor-element-8b6115b section-colored elementor-section-boxed elementor-section-height-default elementor-section-height-default\" data-id=\"8b6115b\" data-element_type=\"section\" data-e-type=\"section\">\n\t\t\t\t\t\t<div class=\"elementor-container elementor-column-gap-default\">\n\t\t\t\t\t<div class=\"elementor-column elementor-col-50 elementor-top-column elementor-element elementor-element-5d90fb8\" data-id=\"5d90fb8\" data-element_type=\"column\" data-e-type=\"column\">\n\t\t\t<div class=\"elementor-widget-wrap elementor-element-populated\">\n\t\t\t\t\t\t<div class=\"elementor-element elementor-element-cf60c91 elementor-widget__width-initial elementor-widget elementor-widget-text-editor\" data-id=\"cf60c91\" data-element_type=\"widget\" data-e-type=\"widget\" data-widget_type=\"text-editor.default\">\n\t\t\t\t<div class=\"elementor-widget-container\">\n\t\t\t\t\t\t\t\t\t<h3>Postes vacants<\/h3><p>Actuellement, nous n\u2019avons pas de postes vacants. Nous sommes toujours int\u00e9ress\u00e9s par des talents int\u00e9ress\u00e9s et talentueux. Nous nous r\u00e9jouissons de recevoir ta candidature m\u00eame si aucun poste n\u2019est vacant.<\/p>\t\t\t\t\t\t\t\t<\/div>\n\t\t\t\t<\/div>\n\t\t\t\t\t<\/div>\n\t\t<\/div>\n\t\t\t\t<div class=\"elementor-column elementor-col-50 elementor-top-column elementor-element elementor-element-ad681c5\" data-id=\"ad681c5\" data-element_type=\"column\" data-e-type=\"column\">\n\t\t\t<div class=\"elementor-widget-wrap elementor-element-populated\">\n\t\t\t\t\t\t<div class=\"elementor-element elementor-element-2854f98 elementor-invisible elementor-widget elementor-widget-image\" data-id=\"2854f98\" data-element_type=\"widget\" data-e-type=\"widget\" data-settings=\"{&quot;_animation&quot;:&quot;fadeInUp&quot;}\" data-widget_type=\"image.default\">\n\t\t\t\t<div class=\"elementor-widget-container\">\n\t\t\t\t\t\t\t\t\t\t\t\t\t\t\t<img fetchpriority=\"high\" decoding=\"async\" width=\"800\" height=\"534\" src=\"https:\/\/www.immoschwab.ch\/wp-content\/uploads\/2023\/08\/immoschwab-jobs-content-1024x683.jpg\" class=\"attachment-large size-large wp-image-4313\" alt=\"\" srcset=\"https:\/\/www.immoschwab.ch\/wp-content\/uploads\/2023\/08\/immoschwab-jobs-content-1024x683.jpg 1024w, https:\/\/www.immoschwab.ch\/wp-content\/uploads\/2023\/08\/immoschwab-jobs-content-300x200.jpg 300w, https:\/\/www.immoschwab.ch\/wp-content\/uploads\/2023\/08\/immoschwab-jobs-content-768x512.jpg 768w, https:\/\/www.immoschwab.ch\/wp-content\/uploads\/2023\/08\/immoschwab-jobs-content-1536x1025.jpg 1536w, https:\/\/www.immoschwab.ch\/wp-content\/uploads\/2023\/08\/immoschwab-jobs-content-scaled.jpg 2048w\" sizes=\"(max-width: 800px) 100vw, 800px\" \/>\t\t\t\t\t\t\t\t\t\t\t\t\t\t\t<\/div>\n\t\t\t\t<\/div>\n\t\t\t\t\t<\/div>\n\t\t<\/div>\n\t\t\t\t\t<\/div>\n\t\t<\/section>\n\t\t\t\t<section class=\"elementor-section elementor-top-section elementor-element elementor-element-71e8ab1 link-listing elementor-section-boxed elementor-section-height-default elementor-section-height-default\" data-id=\"71e8ab1\" data-element_type=\"section\" data-e-type=\"section\">\n\t\t\t\t\t\t<div class=\"elementor-container elementor-column-gap-default\">\n\t\t\t\t\t<div class=\"elementor-column elementor-col-100 elementor-top-column elementor-element elementor-element-8d67911\" data-id=\"8d67911\" data-element_type=\"column\" data-e-type=\"column\">\n\t\t\t<div class=\"elementor-widget-wrap elementor-element-populated\">\n\t\t\t\t\t\t<div class=\"elementor-element elementor-element-30f9039 elementor-widget elementor-widget-text-editor\" data-id=\"30f9039\" data-element_type=\"widget\" data-e-type=\"widget\" data-widget_type=\"text-editor.default\">\n\t\t\t\t<div class=\"elementor-widget-container\">\n\t\t\t\t\t\t\t\t\t<h3>Candidature spontan\u00e9e<\/h3><p>Si aucun poste n'est disponible pour le moment, tu peux aussi envoyer une candidature spontan\u00e9e si tu veux nous convaincre de tes capacit\u00e9s professionnelles. Tu peux envoyer ta candidature spontan\u00e9e \u00e0 Urs Aeppli.<\/p><h3>Formation chez Immoschwab<\/h3><p>Nous formons des apprentis depuis 1988. Il s'agit d'un apprentissage professionnel commercial de trois ans dans le domaine de la fiducie immobili\u00e8re. Outre la formation pratique dans tous les domaines classiques d'une g\u00e9rance immobili\u00e8re, nos apprentis sont \u00e9galement sur les bancs de l'\u00e9cole pendant 1 \u00e0 2 jours par semaine. En 2019, Immoschwab a re\u00e7u la distinction de meilleure entreprise formatrice dans la cat\u00e9gorie services \/ commerce de la part de l'Union patronale fribourgeoise.<\/p><h3 data-start=\"63\" data-end=\"161\"><strong data-start=\"67\" data-end=\"161\">Place d\u2019apprentissage 2027 \u2013 Lance ta carri\u00e8re dans le monde passionnant de l\u2019immobilier!<\/strong><\/h3><p data-start=\"163\" data-end=\"272\">La place d\u2019apprentissage pour 2027 est encore disponible \u2013 peut-\u00eatre est-ce exactement ce que tu cherches!<\/p><p data-start=\"274\" data-end=\"580\">Tu t\u2019int\u00e9resses au secteur vari\u00e9 et dynamique de l\u2019immobilier ? Alors profite de cette opportunit\u00e9 pour d\u00e9couvrir notre quotidien professionnel. Prends d\u00e8s aujourd\u2019hui rendez-vous pour une journ\u00e9e d\u00e9couverte avec <a href=\"mailto: anita.jobin@immoschwab.ch\"><strong data-start=\"487\" data-end=\"502\">Anita Jobin<\/strong><\/a> et d\u00e9couvre si le secteur de l'immobilier te pla\u00eet.<\/p><p data-start=\"582\" data-end=\"713\">Si tu aimes organiser, avoir des contacts avec les clients et travailler en \u00e9quipe, nous serions ravis de recevoir ta candidature!<\/p><p data-start=\"715\" data-end=\"748\">\ud83d\udc49 <strong data-start=\"718\" data-end=\"746\">Voici comment proc\u00e9der:<\/strong><\/p><ol data-start=\"749\" data-end=\"893\"><li data-start=\"749\" data-end=\"792\"><p data-start=\"752\" data-end=\"792\">Fixer une journ\u00e9e d\u00e9couverte chez nous<\/p><\/li><li data-start=\"793\" data-end=\"832\"><p data-start=\"796\" data-end=\"832\">Envoyer ton dossier de candidature<\/p><\/li><li data-start=\"833\" data-end=\"893\"><p data-start=\"836\" data-end=\"893\">Avec un peu de chance, commencer ta formation chez nous!<\/p><\/li><\/ol><p data-start=\"895\" data-end=\"947\"><strong data-start=\"895\" data-end=\"947\">Nous nous r\u00e9jouissons de faire ta connaissance!<\/strong><\/p>\t\t\t\t\t\t\t\t<\/div>\n\t\t\t\t<\/div>\n\t\t\t\t<div class=\"elementor-element elementor-element-7fbead5 elementor-widget elementor-widget-button\" data-id=\"7fbead5\" data-element_type=\"widget\" data-e-type=\"widget\" data-widget_type=\"button.default\">\n\t\t\t\t<div class=\"elementor-widget-container\">\n\t\t\t\t\t\t\t\t\t<div class=\"elementor-button-wrapper\">\n\t\t\t\t\t<a class=\"elementor-button elementor-button-link elementor-size-sm\" href=\"https:\/\/www.immoschwab.ch\/fr\/contact\/\">\n\t\t\t\t\t\t<span class=\"elementor-button-content-wrapper\">\n\t\t\t\t\t\t\t\t\t<span class=\"elementor-button-text\">Postuler maintenant<\/span>\n\t\t\t\t\t<\/span>\n\t\t\t\t\t<\/a>\n\t\t\t\t<\/div>\n\t\t\t\t\t\t\t\t<\/div>\n\t\t\t\t<\/div>\n\t\t\t\t\t<\/div>\n\t\t<\/div>\n\t\t\t\t\t<\/div>\n\t\t<\/section>\n\t\t\t\t<section class=\"elementor-section elementor-top-section elementor-element elementor-element-72ff95d section-colored elementor-section-boxed elementor-section-height-default elementor-section-height-default\" data-id=\"72ff95d\" data-element_type=\"section\" data-e-type=\"section\">\n\t\t\t\t\t\t<div class=\"elementor-container elementor-column-gap-default\">\n\t\t\t\t\t<div class=\"elementor-column elementor-col-100 elementor-top-column elementor-element elementor-element-8f4f1fa\" data-id=\"8f4f1fa\" data-element_type=\"column\" data-e-type=\"column\">\n\t\t\t<div class=\"elementor-widget-wrap elementor-element-populated\">\n\t\t\t\t\t\t<div class=\"elementor-element elementor-element-d76ffd2 elementor-widget elementor-widget-text-editor\" data-id=\"d76ffd2\" data-element_type=\"widget\" data-e-type=\"widget\" data-widget_type=\"text-editor.default\">\n\t\t\t\t<div class=\"elementor-widget-container\">\n\t\t\t\t\t\t\t\t\t<h3>Raisons de choisir Immoschwab<\/h3><p>Il y a de nombreuses raisons de nous rejoindre...<\/p><p><strong>Enracin\u00e9 dans la r\u00e9gion:<\/strong><br \/>Immoschwab est chez elle \u00e0 Morat et \u00e0 Aarberg. Nous sommes actifs au niveau r\u00e9gional - et ancr\u00e9s depuis 1985.<\/p><p><strong>Largement positionn\u00e9 sur le plan professionnel:<\/strong><br \/>Nous encourageons nos collaborateurs et accordons de l'importance \u00e0 de bonnes connaissances professionnelles. Nous soutenons financi\u00e8rement nos collaborateurs dans le cadre d'une formation continue li\u00e9e \u00e0 leur profession.<\/p><p><strong>Nous fournissons de la qualit\u00e9 et sommes comp\u00e9tents:<\/strong><br \/>La qualit\u00e9 de nos prestations fait de nous une entreprise leader dans la r\u00e9gion et un partenaire fiable. Notre travail est bas\u00e9 sur le respect mutuel et le professionnalisme.<\/p><p><strong>Nous sommes familiaux:<\/strong><br \/>Immoschwab compte de nombreux collaborateurs de longue date et, par cons\u00e9quent, une ambiance de travail familiale. Nous nous soutenons mutuellement dans nos activit\u00e9s quotidiennes et accordons une grande importance au travail d'\u00e9quipe, car c'est seulement ensemble que nous sommes forts.<\/p>\t\t\t\t\t\t\t\t<\/div>\n\t\t\t\t<\/div>\n\t\t\t\t\t<\/div>\n\t\t<\/div>\n\t\t\t\t\t<\/div>\n\t\t<\/section>\n\t\t\t\t<\/div>\n\t\t","protected":false},"excerpt":{"rendered":"<p>Emplois Le logement est un besoin fondamental. De nombreuses \u00e9motions y sont li\u00e9es, qu'elles soient positives ou n\u00e9gatives. Nous nous consid\u00e9rons ici comme un compagnon de route et un partenaire de nos clients, afin de les conseiller de mani\u00e8re respectueuse et responsable sur toutes les questions relatives \u00e0 leurs biens immobiliers, \u00e0 leur vente ou [&hellip;]<\/p>\n","protected":false},"author":1,"featured_media":4311,"parent":5855,"menu_order":0,"comment_status":"closed","ping_status":"closed","template":"","meta":{"_acf_changed":false,"footnotes":""},"class_list":["post-5839","page","type-page","status-publish","has-post-thumbnail","hentry"],"acf":[],"yoast_head":"<!-- This site is optimized with the Yoast SEO plugin v27.3 - https:\/\/yoast.com\/product\/yoast-seo-wordpress\/ -->\n<title>Emplois &#8211; Immoschwab SA \u00e0 Morat et Aarberg<\/title>\n<meta name=\"description\" content=\"Tu souhaites toi aussi avoir un aper\u00e7u de la branche immobili\u00e8re, qui est tr\u00e8s passionnante et vaste ? Alors pose ta candidature pour le poste vacant ou de mani\u00e8re spontan\u00e9e.\" \/>\n<meta name=\"robots\" content=\"index, follow, max-snippet:-1, max-image-preview:large, max-video-preview:-1\" \/>\n<link rel=\"canonical\" href=\"https:\/\/www.immoschwab.ch\/fr\/entreprise\/emplois\/\" \/>\n<meta property=\"og:locale\" content=\"fr_FR\" \/>\n<meta property=\"og:type\" content=\"article\" \/>\n<meta property=\"og:title\" content=\"Emplois &#8211; Immoschwab SA \u00e0 Morat et Aarberg\" \/>\n<meta property=\"og:description\" content=\"Tu souhaites toi aussi avoir un aper\u00e7u de la branche immobili\u00e8re, qui est tr\u00e8s passionnante et vaste ? Alors pose ta candidature pour le poste vacant ou de mani\u00e8re spontan\u00e9e.\" \/>\n<meta property=\"og:url\" content=\"https:\/\/www.immoschwab.ch\/fr\/entreprise\/emplois\/\" \/>\n<meta property=\"og:site_name\" content=\"Immoschwab SA \u00e0 Morat et Aarberg\" \/>\n<meta property=\"article:publisher\" content=\"https:\/\/www.facebook.com\/immoschwabag\/\" \/>\n<meta property=\"article:modified_time\" content=\"2026-04-03T12:08:22+00:00\" \/>\n<meta property=\"og:image\" content=\"https:\/\/www.immoschwab.ch\/wp-content\/uploads\/2023\/08\/immoschwab-jobs-scaled.jpg\" \/>\n\t<meta property=\"og:image:width\" content=\"2048\" \/>\n\t<meta property=\"og:image:height\" content=\"1366\" \/>\n\t<meta property=\"og:image:type\" content=\"image\/jpeg\" \/>\n<meta name=\"twitter:card\" content=\"summary_large_image\" \/>\n<meta name=\"twitter:label1\" content=\"Dur\u00e9e de lecture estim\u00e9e\" \/>\n\t<meta name=\"twitter:data1\" content=\"3 minutes\" \/>\n<script type=\"application\/ld+json\" class=\"yoast-schema-graph\">{\"@context\":\"https:\\\/\\\/schema.org\",\"@graph\":[{\"@type\":\"WebPage\",\"@id\":\"https:\\\/\\\/www.immoschwab.ch\\\/fr\\\/entreprise\\\/emplois\\\/\",\"url\":\"https:\\\/\\\/www.immoschwab.ch\\\/fr\\\/entreprise\\\/emplois\\\/\",\"name\":\"Emplois &#8211; Immoschwab SA \u00e0 Morat et Aarberg\",\"isPartOf\":{\"@id\":\"https:\\\/\\\/www.immoschwab.ch\\\/fr\\\/#website\"},\"primaryImageOfPage\":{\"@id\":\"https:\\\/\\\/www.immoschwab.ch\\\/fr\\\/entreprise\\\/emplois\\\/#primaryimage\"},\"image\":{\"@id\":\"https:\\\/\\\/www.immoschwab.ch\\\/fr\\\/entreprise\\\/emplois\\\/#primaryimage\"},\"thumbnailUrl\":\"https:\\\/\\\/www.immoschwab.ch\\\/wp-content\\\/uploads\\\/2023\\\/08\\\/immoschwab-jobs-scaled.jpg\",\"datePublished\":\"2023-08-18T21:37:12+00:00\",\"dateModified\":\"2026-04-03T12:08:22+00:00\",\"description\":\"Tu souhaites toi aussi avoir un aper\u00e7u de la branche immobili\u00e8re, qui est tr\u00e8s passionnante et vaste ? Alors pose ta candidature pour le poste vacant ou de mani\u00e8re spontan\u00e9e.\",\"breadcrumb\":{\"@id\":\"https:\\\/\\\/www.immoschwab.ch\\\/fr\\\/entreprise\\\/emplois\\\/#breadcrumb\"},\"inLanguage\":\"fr-FR\",\"potentialAction\":[{\"@type\":\"ReadAction\",\"target\":[\"https:\\\/\\\/www.immoschwab.ch\\\/fr\\\/entreprise\\\/emplois\\\/\"]}]},{\"@type\":\"ImageObject\",\"inLanguage\":\"fr-FR\",\"@id\":\"https:\\\/\\\/www.immoschwab.ch\\\/fr\\\/entreprise\\\/emplois\\\/#primaryimage\",\"url\":\"https:\\\/\\\/www.immoschwab.ch\\\/wp-content\\\/uploads\\\/2023\\\/08\\\/immoschwab-jobs-scaled.jpg\",\"contentUrl\":\"https:\\\/\\\/www.immoschwab.ch\\\/wp-content\\\/uploads\\\/2023\\\/08\\\/immoschwab-jobs-scaled.jpg\",\"width\":2048,\"height\":1366,\"caption\":\"real estate concept, choose house to buy, different offers of property online on virtual screen\"},{\"@type\":\"BreadcrumbList\",\"@id\":\"https:\\\/\\\/www.immoschwab.ch\\\/fr\\\/entreprise\\\/emplois\\\/#breadcrumb\",\"itemListElement\":[{\"@type\":\"ListItem\",\"position\":1,\"name\":\"Home\",\"item\":\"https:\\\/\\\/www.immoschwab.ch\\\/fr\\\/\"},{\"@type\":\"ListItem\",\"position\":2,\"name\":\"Entreprise\",\"item\":\"https:\\\/\\\/www.immoschwab.ch\\\/fr\\\/entreprise\\\/\"},{\"@type\":\"ListItem\",\"position\":3,\"name\":\"Emplois\"}]},{\"@type\":\"WebSite\",\"@id\":\"https:\\\/\\\/www.immoschwab.ch\\\/fr\\\/#website\",\"url\":\"https:\\\/\\\/www.immoschwab.ch\\\/fr\\\/\",\"name\":\"Immoschwab SA \u00e0 Morat et Aarberg\",\"description\":\"\",\"publisher\":{\"@id\":\"https:\\\/\\\/www.immoschwab.ch\\\/fr\\\/#organization\"},\"potentialAction\":[{\"@type\":\"SearchAction\",\"target\":{\"@type\":\"EntryPoint\",\"urlTemplate\":\"https:\\\/\\\/www.immoschwab.ch\\\/fr\\\/?s={search_term_string}\"},\"query-input\":{\"@type\":\"PropertyValueSpecification\",\"valueRequired\":true,\"valueName\":\"search_term_string\"}}],\"inLanguage\":\"fr-FR\"},{\"@type\":\"Organization\",\"@id\":\"https:\\\/\\\/www.immoschwab.ch\\\/fr\\\/#organization\",\"name\":\"Immoschwab AG\",\"url\":\"https:\\\/\\\/www.immoschwab.ch\\\/fr\\\/\",\"logo\":{\"@type\":\"ImageObject\",\"inLanguage\":\"fr-FR\",\"@id\":\"https:\\\/\\\/www.immoschwab.ch\\\/fr\\\/#\\\/schema\\\/logo\\\/image\\\/\",\"url\":\"https:\\\/\\\/www.immoschwab.ch\\\/wp-content\\\/uploads\\\/2023\\\/08\\\/logo-immoschwab-color.svg\",\"contentUrl\":\"https:\\\/\\\/www.immoschwab.ch\\\/wp-content\\\/uploads\\\/2023\\\/08\\\/logo-immoschwab-color.svg\",\"width\":291,\"height\":65,\"caption\":\"Immoschwab AG\"},\"image\":{\"@id\":\"https:\\\/\\\/www.immoschwab.ch\\\/fr\\\/#\\\/schema\\\/logo\\\/image\\\/\"},\"sameAs\":[\"https:\\\/\\\/www.facebook.com\\\/immoschwabag\\\/\",\"https:\\\/\\\/www.instagram.com\\\/immoschwabag\\\/\",\"https:\\\/\\\/www.linkedin.com\\\/company\\\/immoschwab-ag\\\/\"]}]}<\/script>\n<!-- \/ Yoast SEO plugin. -->","yoast_head_json":{"title":"Emplois &#8211; Immoschwab SA \u00e0 Morat et Aarberg","description":"Tu souhaites toi aussi avoir un aper\u00e7u de la branche immobili\u00e8re, qui est tr\u00e8s passionnante et vaste ? Alors pose ta candidature pour le poste vacant ou de mani\u00e8re spontan\u00e9e.","robots":{"index":"index","follow":"follow","max-snippet":"max-snippet:-1","max-image-preview":"max-image-preview:large","max-video-preview":"max-video-preview:-1"},"canonical":"https:\/\/www.immoschwab.ch\/fr\/entreprise\/emplois\/","og_locale":"fr_FR","og_type":"article","og_title":"Emplois &#8211; Immoschwab SA \u00e0 Morat et Aarberg","og_description":"Tu souhaites toi aussi avoir un aper\u00e7u de la branche immobili\u00e8re, qui est tr\u00e8s passionnante et vaste ? Alors pose ta candidature pour le poste vacant ou de mani\u00e8re spontan\u00e9e.","og_url":"https:\/\/www.immoschwab.ch\/fr\/entreprise\/emplois\/","og_site_name":"Immoschwab SA \u00e0 Morat et Aarberg","article_publisher":"https:\/\/www.facebook.com\/immoschwabag\/","article_modified_time":"2026-04-03T12:08:22+00:00","og_image":[{"width":2048,"height":1366,"url":"https:\/\/www.immoschwab.ch\/wp-content\/uploads\/2023\/08\/immoschwab-jobs-scaled.jpg","type":"image\/jpeg"}],"twitter_card":"summary_large_image","twitter_misc":{"Dur\u00e9e de lecture estim\u00e9e":"3 minutes"},"schema":{"@context":"https:\/\/schema.org","@graph":[{"@type":"WebPage","@id":"https:\/\/www.immoschwab.ch\/fr\/entreprise\/emplois\/","url":"https:\/\/www.immoschwab.ch\/fr\/entreprise\/emplois\/","name":"Emplois &#8211; Immoschwab SA \u00e0 Morat et Aarberg","isPartOf":{"@id":"https:\/\/www.immoschwab.ch\/fr\/#website"},"primaryImageOfPage":{"@id":"https:\/\/www.immoschwab.ch\/fr\/entreprise\/emplois\/#primaryimage"},"image":{"@id":"https:\/\/www.immoschwab.ch\/fr\/entreprise\/emplois\/#primaryimage"},"thumbnailUrl":"https:\/\/www.immoschwab.ch\/wp-content\/uploads\/2023\/08\/immoschwab-jobs-scaled.jpg","datePublished":"2023-08-18T21:37:12+00:00","dateModified":"2026-04-03T12:08:22+00:00","description":"Tu souhaites toi aussi avoir un aper\u00e7u de la branche immobili\u00e8re, qui est tr\u00e8s passionnante et vaste ? Alors pose ta candidature pour le poste vacant ou de mani\u00e8re spontan\u00e9e.","breadcrumb":{"@id":"https:\/\/www.immoschwab.ch\/fr\/entreprise\/emplois\/#breadcrumb"},"inLanguage":"fr-FR","potentialAction":[{"@type":"ReadAction","target":["https:\/\/www.immoschwab.ch\/fr\/entreprise\/emplois\/"]}]},{"@type":"ImageObject","inLanguage":"fr-FR","@id":"https:\/\/www.immoschwab.ch\/fr\/entreprise\/emplois\/#primaryimage","url":"https:\/\/www.immoschwab.ch\/wp-content\/uploads\/2023\/08\/immoschwab-jobs-scaled.jpg","contentUrl":"https:\/\/www.immoschwab.ch\/wp-content\/uploads\/2023\/08\/immoschwab-jobs-scaled.jpg","width":2048,"height":1366,"caption":"real estate concept, choose house to buy, different offers of property online on virtual screen"},{"@type":"BreadcrumbList","@id":"https:\/\/www.immoschwab.ch\/fr\/entreprise\/emplois\/#breadcrumb","itemListElement":[{"@type":"ListItem","position":1,"name":"Home","item":"https:\/\/www.immoschwab.ch\/fr\/"},{"@type":"ListItem","position":2,"name":"Entreprise","item":"https:\/\/www.immoschwab.ch\/fr\/entreprise\/"},{"@type":"ListItem","position":3,"name":"Emplois"}]},{"@type":"WebSite","@id":"https:\/\/www.immoschwab.ch\/fr\/#website","url":"https:\/\/www.immoschwab.ch\/fr\/","name":"Immoschwab SA \u00e0 Morat et Aarberg","description":"","publisher":{"@id":"https:\/\/www.immoschwab.ch\/fr\/#organization"},"potentialAction":[{"@type":"SearchAction","target":{"@type":"EntryPoint","urlTemplate":"https:\/\/www.immoschwab.ch\/fr\/?s={search_term_string}"},"query-input":{"@type":"PropertyValueSpecification","valueRequired":true,"valueName":"search_term_string"}}],"inLanguage":"fr-FR"},{"@type":"Organization","@id":"https:\/\/www.immoschwab.ch\/fr\/#organization","name":"Immoschwab AG","url":"https:\/\/www.immoschwab.ch\/fr\/","logo":{"@type":"ImageObject","inLanguage":"fr-FR","@id":"https:\/\/www.immoschwab.ch\/fr\/#\/schema\/logo\/image\/","url":"https:\/\/www.immoschwab.ch\/wp-content\/uploads\/2023\/08\/logo-immoschwab-color.svg","contentUrl":"https:\/\/www.immoschwab.ch\/wp-content\/uploads\/2023\/08\/logo-immoschwab-color.svg","width":291,"height":65,"caption":"Immoschwab AG"},"image":{"@id":"https:\/\/www.immoschwab.ch\/fr\/#\/schema\/logo\/image\/"},"sameAs":["https:\/\/www.facebook.com\/immoschwabag\/","https:\/\/www.instagram.com\/immoschwabag\/","https:\/\/www.linkedin.com\/company\/immoschwab-ag\/"]}]}},"_links":{"self":[{"href":"https:\/\/www.immoschwab.ch\/fr\/wp-json\/wp\/v2\/pages\/5839","targetHints":{"allow":["GET"]}}],"collection":[{"href":"https:\/\/www.immoschwab.ch\/fr\/wp-json\/wp\/v2\/pages"}],"about":[{"href":"https:\/\/www.immoschwab.ch\/fr\/wp-json\/wp\/v2\/types\/page"}],"author":[{"embeddable":true,"href":"https:\/\/www.immoschwab.ch\/fr\/wp-json\/wp\/v2\/users\/1"}],"replies":[{"embeddable":true,"href":"https:\/\/www.immoschwab.ch\/fr\/wp-json\/wp\/v2\/comments?post=5839"}],"version-history":[{"count":20,"href":"https:\/\/www.immoschwab.ch\/fr\/wp-json\/wp\/v2\/pages\/5839\/revisions"}],"predecessor-version":[{"id":25672,"href":"https:\/\/www.immoschwab.ch\/fr\/wp-json\/wp\/v2\/pages\/5839\/revisions\/25672"}],"up":[{"embeddable":true,"href":"https:\/\/www.immoschwab.ch\/fr\/wp-json\/wp\/v2\/pages\/5855"}],"wp:featuredmedia":[{"embeddable":true,"href":"https:\/\/www.immoschwab.ch\/fr\/wp-json\/wp\/v2\/media\/4311"}],"wp:attachment":[{"href":"https:\/\/www.immoschwab.ch\/fr\/wp-json\/wp\/v2\/media?parent=5839"}],"curies":[{"name":"wp","href":"https:\/\/api.w.org\/{rel}","templated":true}]}}