{"id":5843,"date":"2023-08-16T16:53:07","date_gmt":"2023-08-16T14:53:07","guid":{"rendered":"https:\/\/www.immoschwab.ch\/verkehrswertschaetzung\/"},"modified":"2023-09-21T10:33:41","modified_gmt":"2023-09-21T08:33:41","slug":"estimations-et-expertises","status":"publish","type":"page","link":"https:\/\/www.immoschwab.ch\/fr\/prestations\/estimations-et-expertises\/","title":{"rendered":"Estimations et expertises"},"content":{"rendered":"\t\t<div data-elementor-type=\"wp-page\" data-elementor-id=\"5843\" class=\"elementor elementor-5843 elementor-2528\" data-elementor-post-type=\"page\">\n\t\t\t\t\t\t<section class=\"elementor-section elementor-top-section elementor-element elementor-element-47815c1 elementor-section-boxed elementor-section-height-default elementor-section-height-default\" data-id=\"47815c1\" data-element_type=\"section\" data-e-type=\"section\">\n\t\t\t\t\t\t<div class=\"elementor-container elementor-column-gap-default\">\n\t\t\t\t\t<div class=\"elementor-column elementor-col-100 elementor-top-column elementor-element elementor-element-4bdb859\" data-id=\"4bdb859\" data-element_type=\"column\" data-e-type=\"column\">\n\t\t\t<div class=\"elementor-widget-wrap elementor-element-populated\">\n\t\t\t\t\t\t<div class=\"elementor-element elementor-element-a9b9758 elementor-widget elementor-widget-leadtext\" data-id=\"a9b9758\" data-element_type=\"widget\" data-e-type=\"widget\" data-widget_type=\"leadtext.default\">\n\t\t\t\t<div class=\"elementor-widget-container\">\n\t\t\t\t\t<div class=\"lead\"><h1>Estimations et expertises<\/h1><p>Une valeur v\u00e9nale des biens immobiliers prouv\u00e9e et neutre est importante non seulement pour l'achat, la vente et les questions fiscales et de financement, mais aussi en cas d'h\u00e9ritage, de litiges relatifs au r\u00e9gime matrimonial (divorces), etcetera.<\/p><\/div>\t\t\t\t<\/div>\n\t\t\t\t<\/div>\n\t\t\t\t\t<\/div>\n\t\t<\/div>\n\t\t\t\t\t<\/div>\n\t\t<\/section>\n\t\t\t\t<section class=\"elementor-section elementor-top-section elementor-element elementor-element-04cea40 elementor-section-boxed elementor-section-height-default elementor-section-height-default\" data-id=\"04cea40\" data-element_type=\"section\" data-e-type=\"section\">\n\t\t\t\t\t\t<div class=\"elementor-container elementor-column-gap-default\">\n\t\t\t\t\t<div class=\"elementor-column elementor-col-100 elementor-top-column elementor-element elementor-element-cbab6ec\" data-id=\"cbab6ec\" data-element_type=\"column\" data-e-type=\"column\">\n\t\t\t<div class=\"elementor-widget-wrap elementor-element-populated\">\n\t\t\t\t\t\t<div class=\"elementor-element elementor-element-2cb3055 elementor-widget elementor-widget-text-editor\" data-id=\"2cb3055\" data-element_type=\"widget\" data-e-type=\"widget\" data-widget_type=\"text-editor.default\">\n\t\t\t\t<div class=\"elementor-widget-container\">\n\t\t\t\t\t\t\t\t\t<p>Gr\u00e2ce \u00e0 notre activit\u00e9 r\u00e9gionale intensive, nous identifions les tendances du march\u00e9, l'\u00e9volution des prix ainsi que les indicateurs \u00e9conomiques et sociaux et \u00e9tablissons par cons\u00e9quent des estimations fiables de la valeur v\u00e9nale en fonction du march\u00e9, selon les m\u00e9thodes d'\u00e9valuation actuelles reconnues et dans le respect des Swiss Valuation Standards SVS. En tant que vendeur, vous avez pour objectif d'obtenir le meilleur prix r\u00e9alisable lors de la vente de votre maison, appartement ou terrain. Pour une estimation r\u00e9aliste de la valeur v\u00e9nale, il est indispensable de visiter le bien immobilier. Outre la situation et la taille d'un bien immobilier, de nombreux autres facteurs doivent \u00eatre pris en compte. Vous obtiendrez le meilleur r\u00e9sultat avec un expert en estimation exp\u00e9riment\u00e9 et connaissant bien les lieux. En tant que sp\u00e9cialistes de l'immobilier, nous vous conseillons de mani\u00e8re compl\u00e8te et comp\u00e9tente.<\/p>\t\t\t\t\t\t\t\t<\/div>\n\t\t\t\t<\/div>\n\t\t\t\t\t<\/div>\n\t\t<\/div>\n\t\t\t\t\t<\/div>\n\t\t<\/section>\n\t\t\t\t<section class=\"elementor-section elementor-top-section elementor-element elementor-element-8b6115b section-colored elementor-section-boxed elementor-section-height-default elementor-section-height-default\" data-id=\"8b6115b\" data-element_type=\"section\" data-e-type=\"section\">\n\t\t\t\t\t\t<div class=\"elementor-container elementor-column-gap-default\">\n\t\t\t\t\t<div class=\"elementor-column elementor-col-50 elementor-top-column elementor-element elementor-element-5d90fb8\" data-id=\"5d90fb8\" data-element_type=\"column\" data-e-type=\"column\">\n\t\t\t<div class=\"elementor-widget-wrap elementor-element-populated\">\n\t\t\t\t\t\t<div class=\"elementor-element elementor-element-146cdb7 elementor-widget elementor-widget-text-editor\" data-id=\"146cdb7\" data-element_type=\"widget\" data-e-type=\"widget\" data-widget_type=\"text-editor.default\">\n\t\t\t\t<div class=\"elementor-widget-container\">\n\t\t\t\t\t\t\t\t\t<p><strong>Nous \u00e9valuons:<\/strong><\/p><ul><li>Immeubles d'habitation<\/li><li>Immeubles industriels et commerciaux<\/li><li>Terrains non b\u00e2tis<\/li><li>Autres d\u00e9signations de valeur (droits de superficie, droits d'habitation, usufruit, etcetera)<\/li><\/ul><p>Notre experte en estimations a suivi une formation sp\u00e9cifique et dispose des comp\u00e9tences techniques et m\u00e9thodologiques n\u00e9cessaires.<\/p>\t\t\t\t\t\t\t\t<\/div>\n\t\t\t\t<\/div>\n\t\t\t\t<div class=\"elementor-element elementor-element-2f39211 elementor-align-left elementor-widget elementor-widget-button\" data-id=\"2f39211\" data-element_type=\"widget\" data-e-type=\"widget\" data-widget_type=\"button.default\">\n\t\t\t\t<div class=\"elementor-widget-container\">\n\t\t\t\t\t\t\t\t\t<div class=\"elementor-button-wrapper\">\n\t\t\t\t\t<a class=\"elementor-button elementor-button-link elementor-size-sm\" href=\"#elementor-action%3Aaction%3Dpopup%3Aopen%26settings%3DeyJpZCI6NjExMCwidG9nZ2xlIjpmYWxzZX0%3D\">\n\t\t\t\t\t\t<span class=\"elementor-button-content-wrapper\">\n\t\t\t\t\t\t\t\t\t<span class=\"elementor-button-text\">Fixer une date d\u2019entretien<\/span>\n\t\t\t\t\t<\/span>\n\t\t\t\t\t<\/a>\n\t\t\t\t<\/div>\n\t\t\t\t\t\t\t\t<\/div>\n\t\t\t\t<\/div>\n\t\t\t\t\t<\/div>\n\t\t<\/div>\n\t\t\t\t<div class=\"elementor-column elementor-col-50 elementor-top-column elementor-element elementor-element-a06e4bd\" data-id=\"a06e4bd\" data-element_type=\"column\" data-e-type=\"column\">\n\t\t\t<div class=\"elementor-widget-wrap elementor-element-populated\">\n\t\t\t\t\t\t<div class=\"elementor-element elementor-element-f88261b elementor-invisible elementor-widget elementor-widget-image\" data-id=\"f88261b\" data-element_type=\"widget\" data-e-type=\"widget\" data-settings=\"{&quot;_animation&quot;:&quot;fadeInUp&quot;}\" data-widget_type=\"image.default\">\n\t\t\t\t<div class=\"elementor-widget-container\">\n\t\t\t\t\t\t\t\t\t\t\t\t\t\t\t<img fetchpriority=\"high\" decoding=\"async\" width=\"800\" height=\"534\" src=\"https:\/\/www.immoschwab.ch\/wp-content\/uploads\/2023\/08\/immoschwab-verkehrswertschaetzung-content-1024x683.jpg\" class=\"attachment-large size-large wp-image-2545\" alt=\"\" srcset=\"https:\/\/www.immoschwab.ch\/wp-content\/uploads\/2023\/08\/immoschwab-verkehrswertschaetzung-content-1024x683.jpg 1024w, https:\/\/www.immoschwab.ch\/wp-content\/uploads\/2023\/08\/immoschwab-verkehrswertschaetzung-content-300x200.jpg 300w, https:\/\/www.immoschwab.ch\/wp-content\/uploads\/2023\/08\/immoschwab-verkehrswertschaetzung-content-768x512.jpg 768w, https:\/\/www.immoschwab.ch\/wp-content\/uploads\/2023\/08\/immoschwab-verkehrswertschaetzung-content-1536x1024.jpg 1536w, https:\/\/www.immoschwab.ch\/wp-content\/uploads\/2023\/08\/immoschwab-verkehrswertschaetzung-content-scaled.jpg 2048w\" sizes=\"(max-width: 800px) 100vw, 800px\" \/>\t\t\t\t\t\t\t\t\t\t\t\t\t\t\t<\/div>\n\t\t\t\t<\/div>\n\t\t\t\t\t<\/div>\n\t\t<\/div>\n\t\t\t\t\t<\/div>\n\t\t<\/section>\n\t\t\t\t<section class=\"elementor-section elementor-top-section elementor-element elementor-element-8cb7c29 elementor-section-boxed elementor-section-height-default elementor-section-height-default\" data-id=\"8cb7c29\" data-element_type=\"section\" data-e-type=\"section\">\n\t\t\t\t\t\t<div class=\"elementor-container elementor-column-gap-default\">\n\t\t\t\t\t<div class=\"elementor-column elementor-col-100 elementor-top-column elementor-element elementor-element-75826fd\" data-id=\"75826fd\" data-element_type=\"column\" data-e-type=\"column\">\n\t\t\t<div class=\"elementor-widget-wrap elementor-element-populated\">\n\t\t\t\t\t\t<div class=\"elementor-element elementor-element-3e111d8 elementor-widget elementor-widget-text-editor\" data-id=\"3e111d8\" data-element_type=\"widget\" data-e-type=\"widget\" data-widget_type=\"text-editor.default\">\n\t\t\t\t<div class=\"elementor-widget-container\">\n\t\t\t\t\t\t\t\t\t<h3>Comment estime-t-on chez nous?<\/h3><p><strong>Estimation de votre bien immobilier, notre service:<\/strong><\/p><ul><li>Entretien de conseil personnel et sans engagement<\/li><li>Obtention de tous les documents n\u00e9cessaires \u00e0 l'\u00e9valuation<\/li><li>Visite du bien immobilier<\/li><li>Estimation du bien immobilier<\/li><li>R\u00e9daction d'un rapport d'\u00e9valuation<\/li><li>Discussion personnelle de l'\u00e9valuation<\/li><li>Le cas \u00e9ch\u00e9ant, vente du bien immobilier comme mandat de suivi<\/li><\/ul><p>En effet, une estimation professionnelle constitue la base d'une vente r\u00e9ussie.<\/p>\t\t\t\t\t\t\t\t<\/div>\n\t\t\t\t<\/div>\n\t\t\t\t<div class=\"elementor-element elementor-element-83706b4 file-listing elementor-widget elementor-widget-text-editor\" data-id=\"83706b4\" data-element_type=\"widget\" data-e-type=\"widget\" data-widget_type=\"text-editor.default\">\n\t\t\t\t<div class=\"elementor-widget-container\">\n\t\t\t\t\t\t\t\t\t<p><strong>Quels sont les documents n\u00e9cessaires pour une estimation de la valeur v\u00e9nale?<\/strong><\/p><ul><li><a href=\"https:\/\/www.immoschwab.ch\/wp-content\/uploads\/2023\/09\/Check-list-expertise-immobiliere.pdf\" target=\"_blank\" rel=\"noopener\">Vous trouverez toutes les informations dans cette check-list.<\/a><\/li><\/ul>\t\t\t\t\t\t\t\t<\/div>\n\t\t\t\t<\/div>\n\t\t\t\t<div class=\"elementor-element elementor-element-7c7812f elementor-align-left elementor-widget elementor-widget-button\" data-id=\"7c7812f\" data-element_type=\"widget\" data-e-type=\"widget\" data-widget_type=\"button.default\">\n\t\t\t\t<div class=\"elementor-widget-container\">\n\t\t\t\t\t\t\t\t\t<div class=\"elementor-button-wrapper\">\n\t\t\t\t\t<a class=\"elementor-button elementor-button-link elementor-size-sm\" href=\"#elementor-action%3Aaction%3Dpopup%3Aopen%26settings%3DeyJpZCI6NjEwOSwidG9nZ2xlIjpmYWxzZX0%3D\">\n\t\t\t\t\t\t<span class=\"elementor-button-content-wrapper\">\n\t\t\t\t\t\t\t\t\t<span class=\"elementor-button-text\">Faire \u00e9valuer son bien immobilier<\/span>\n\t\t\t\t\t<\/span>\n\t\t\t\t\t<\/a>\n\t\t\t\t<\/div>\n\t\t\t\t\t\t\t\t<\/div>\n\t\t\t\t<\/div>\n\t\t\t\t\t<\/div>\n\t\t<\/div>\n\t\t\t\t\t<\/div>\n\t\t<\/section>\n\t\t\t\t<\/div>\n\t\t","protected":false},"excerpt":{"rendered":"<p>Estimations et expertises Une valeur v\u00e9nale des biens immobiliers prouv\u00e9e et neutre est importante non seulement pour l'achat, la vente et les questions fiscales et de financement, mais aussi en cas d'h\u00e9ritage, de litiges relatifs au r\u00e9gime matrimonial (divorces), etcetera. Gr\u00e2ce \u00e0 notre activit\u00e9 r\u00e9gionale intensive, nous identifions les tendances du march\u00e9, l'\u00e9volution des prix [&hellip;]<\/p>\n","protected":false},"author":1,"featured_media":2541,"parent":5849,"menu_order":0,"comment_status":"closed","ping_status":"closed","template":"","meta":{"_acf_changed":false,"footnotes":""},"class_list":["post-5843","page","type-page","status-publish","has-post-thumbnail","hentry"],"acf":[],"yoast_head":"<!-- This site is optimized with the Yoast SEO plugin v27.3 - https:\/\/yoast.com\/product\/yoast-seo-wordpress\/ -->\n<title>Estimations et expertises &#8211; Immoschwab SA \u00e0 Morat et Aarberg<\/title>\n<meta name=\"description\" content=\"Une valeur v\u00e9nale des biens immobiliers prouv\u00e9e et neutre est importante non seulement pour l&#039;achat, la vente et les questions fiscales et de financement, mais aussi en cas d&#039;h\u00e9ritage, de litiges relatifs au r\u00e9gime matrimonial (divorces), etcetera.\" \/>\n<meta name=\"robots\" content=\"index, follow, max-snippet:-1, max-image-preview:large, max-video-preview:-1\" \/>\n<link rel=\"canonical\" href=\"https:\/\/www.immoschwab.ch\/fr\/prestations\/estimations-et-expertises\/\" \/>\n<meta property=\"og:locale\" content=\"fr_FR\" \/>\n<meta property=\"og:type\" content=\"article\" \/>\n<meta property=\"og:title\" content=\"Estimations et expertises &#8211; Immoschwab SA \u00e0 Morat et Aarberg\" \/>\n<meta property=\"og:description\" content=\"Une valeur v\u00e9nale des biens immobiliers prouv\u00e9e et neutre est importante non seulement pour l&#039;achat, la vente et les questions fiscales et de financement, mais aussi en cas d&#039;h\u00e9ritage, de litiges relatifs au r\u00e9gime matrimonial (divorces), etcetera.\" \/>\n<meta property=\"og:url\" content=\"https:\/\/www.immoschwab.ch\/fr\/prestations\/estimations-et-expertises\/\" \/>\n<meta property=\"og:site_name\" content=\"Immoschwab SA \u00e0 Morat et Aarberg\" \/>\n<meta property=\"article:publisher\" content=\"https:\/\/www.facebook.com\/immoschwabag\/\" \/>\n<meta property=\"article:modified_time\" content=\"2023-09-21T08:33:41+00:00\" \/>\n<meta property=\"og:image\" content=\"https:\/\/www.immoschwab.ch\/wp-content\/uploads\/2023\/08\/immoschwab-verkehrswertschaetzung-scaled.jpg\" \/>\n\t<meta property=\"og:image:width\" content=\"2048\" \/>\n\t<meta property=\"og:image:height\" content=\"1367\" \/>\n\t<meta property=\"og:image:type\" content=\"image\/jpeg\" \/>\n<meta name=\"twitter:card\" content=\"summary_large_image\" \/>\n<meta name=\"twitter:label1\" content=\"Dur\u00e9e de lecture estim\u00e9e\" \/>\n\t<meta name=\"twitter:data1\" content=\"2 minutes\" \/>\n<script type=\"application\/ld+json\" class=\"yoast-schema-graph\">{\"@context\":\"https:\\\/\\\/schema.org\",\"@graph\":[{\"@type\":\"WebPage\",\"@id\":\"https:\\\/\\\/www.immoschwab.ch\\\/fr\\\/prestations\\\/estimations-et-expertises\\\/\",\"url\":\"https:\\\/\\\/www.immoschwab.ch\\\/fr\\\/prestations\\\/estimations-et-expertises\\\/\",\"name\":\"Estimations et expertises &#8211; Immoschwab SA \u00e0 Morat et Aarberg\",\"isPartOf\":{\"@id\":\"https:\\\/\\\/www.immoschwab.ch\\\/fr\\\/#website\"},\"primaryImageOfPage\":{\"@id\":\"https:\\\/\\\/www.immoschwab.ch\\\/fr\\\/prestations\\\/estimations-et-expertises\\\/#primaryimage\"},\"image\":{\"@id\":\"https:\\\/\\\/www.immoschwab.ch\\\/fr\\\/prestations\\\/estimations-et-expertises\\\/#primaryimage\"},\"thumbnailUrl\":\"https:\\\/\\\/www.immoschwab.ch\\\/wp-content\\\/uploads\\\/2023\\\/08\\\/immoschwab-verkehrswertschaetzung-scaled.jpg\",\"datePublished\":\"2023-08-16T14:53:07+00:00\",\"dateModified\":\"2023-09-21T08:33:41+00:00\",\"description\":\"Une valeur v\u00e9nale des biens immobiliers prouv\u00e9e et neutre est importante non seulement pour l'achat, la vente et les questions fiscales et de financement, mais aussi en cas d'h\u00e9ritage, de litiges relatifs au r\u00e9gime matrimonial (divorces), etcetera.\",\"breadcrumb\":{\"@id\":\"https:\\\/\\\/www.immoschwab.ch\\\/fr\\\/prestations\\\/estimations-et-expertises\\\/#breadcrumb\"},\"inLanguage\":\"fr-FR\",\"potentialAction\":[{\"@type\":\"ReadAction\",\"target\":[\"https:\\\/\\\/www.immoschwab.ch\\\/fr\\\/prestations\\\/estimations-et-expertises\\\/\"]}]},{\"@type\":\"ImageObject\",\"inLanguage\":\"fr-FR\",\"@id\":\"https:\\\/\\\/www.immoschwab.ch\\\/fr\\\/prestations\\\/estimations-et-expertises\\\/#primaryimage\",\"url\":\"https:\\\/\\\/www.immoschwab.ch\\\/wp-content\\\/uploads\\\/2023\\\/08\\\/immoschwab-verkehrswertschaetzung-scaled.jpg\",\"contentUrl\":\"https:\\\/\\\/www.immoschwab.ch\\\/wp-content\\\/uploads\\\/2023\\\/08\\\/immoschwab-verkehrswertschaetzung-scaled.jpg\",\"width\":2048,\"height\":1367,\"caption\":\"Businessman signing document with money and house model on the table - real estate and properties financial concepts\"},{\"@type\":\"BreadcrumbList\",\"@id\":\"https:\\\/\\\/www.immoschwab.ch\\\/fr\\\/prestations\\\/estimations-et-expertises\\\/#breadcrumb\",\"itemListElement\":[{\"@type\":\"ListItem\",\"position\":1,\"name\":\"Home\",\"item\":\"https:\\\/\\\/www.immoschwab.ch\\\/fr\\\/\"},{\"@type\":\"ListItem\",\"position\":2,\"name\":\"Prestations\",\"item\":\"https:\\\/\\\/www.immoschwab.ch\\\/fr\\\/prestations\\\/\"},{\"@type\":\"ListItem\",\"position\":3,\"name\":\"Estimations et expertises\"}]},{\"@type\":\"WebSite\",\"@id\":\"https:\\\/\\\/www.immoschwab.ch\\\/fr\\\/#website\",\"url\":\"https:\\\/\\\/www.immoschwab.ch\\\/fr\\\/\",\"name\":\"Immoschwab SA \u00e0 Morat et Aarberg\",\"description\":\"\",\"publisher\":{\"@id\":\"https:\\\/\\\/www.immoschwab.ch\\\/fr\\\/#organization\"},\"potentialAction\":[{\"@type\":\"SearchAction\",\"target\":{\"@type\":\"EntryPoint\",\"urlTemplate\":\"https:\\\/\\\/www.immoschwab.ch\\\/fr\\\/?s={search_term_string}\"},\"query-input\":{\"@type\":\"PropertyValueSpecification\",\"valueRequired\":true,\"valueName\":\"search_term_string\"}}],\"inLanguage\":\"fr-FR\"},{\"@type\":\"Organization\",\"@id\":\"https:\\\/\\\/www.immoschwab.ch\\\/fr\\\/#organization\",\"name\":\"Immoschwab AG\",\"url\":\"https:\\\/\\\/www.immoschwab.ch\\\/fr\\\/\",\"logo\":{\"@type\":\"ImageObject\",\"inLanguage\":\"fr-FR\",\"@id\":\"https:\\\/\\\/www.immoschwab.ch\\\/fr\\\/#\\\/schema\\\/logo\\\/image\\\/\",\"url\":\"https:\\\/\\\/www.immoschwab.ch\\\/wp-content\\\/uploads\\\/2023\\\/08\\\/logo-immoschwab-color.svg\",\"contentUrl\":\"https:\\\/\\\/www.immoschwab.ch\\\/wp-content\\\/uploads\\\/2023\\\/08\\\/logo-immoschwab-color.svg\",\"width\":291,\"height\":65,\"caption\":\"Immoschwab AG\"},\"image\":{\"@id\":\"https:\\\/\\\/www.immoschwab.ch\\\/fr\\\/#\\\/schema\\\/logo\\\/image\\\/\"},\"sameAs\":[\"https:\\\/\\\/www.facebook.com\\\/immoschwabag\\\/\",\"https:\\\/\\\/www.instagram.com\\\/immoschwabag\\\/\",\"https:\\\/\\\/www.linkedin.com\\\/company\\\/immoschwab-ag\\\/\"]}]}<\/script>\n<!-- \/ Yoast SEO plugin. -->","yoast_head_json":{"title":"Estimations et expertises &#8211; Immoschwab SA \u00e0 Morat et Aarberg","description":"Une valeur v\u00e9nale des biens immobiliers prouv\u00e9e et neutre est importante non seulement pour l'achat, la vente et les questions fiscales et de financement, mais aussi en cas d'h\u00e9ritage, de litiges relatifs au r\u00e9gime matrimonial (divorces), etcetera.","robots":{"index":"index","follow":"follow","max-snippet":"max-snippet:-1","max-image-preview":"max-image-preview:large","max-video-preview":"max-video-preview:-1"},"canonical":"https:\/\/www.immoschwab.ch\/fr\/prestations\/estimations-et-expertises\/","og_locale":"fr_FR","og_type":"article","og_title":"Estimations et expertises &#8211; Immoschwab SA \u00e0 Morat et Aarberg","og_description":"Une valeur v\u00e9nale des biens immobiliers prouv\u00e9e et neutre est importante non seulement pour l'achat, la vente et les questions fiscales et de financement, mais aussi en cas d'h\u00e9ritage, de litiges relatifs au r\u00e9gime matrimonial (divorces), etcetera.","og_url":"https:\/\/www.immoschwab.ch\/fr\/prestations\/estimations-et-expertises\/","og_site_name":"Immoschwab SA \u00e0 Morat et Aarberg","article_publisher":"https:\/\/www.facebook.com\/immoschwabag\/","article_modified_time":"2023-09-21T08:33:41+00:00","og_image":[{"width":2048,"height":1367,"url":"https:\/\/www.immoschwab.ch\/wp-content\/uploads\/2023\/08\/immoschwab-verkehrswertschaetzung-scaled.jpg","type":"image\/jpeg"}],"twitter_card":"summary_large_image","twitter_misc":{"Dur\u00e9e de lecture estim\u00e9e":"2 minutes"},"schema":{"@context":"https:\/\/schema.org","@graph":[{"@type":"WebPage","@id":"https:\/\/www.immoschwab.ch\/fr\/prestations\/estimations-et-expertises\/","url":"https:\/\/www.immoschwab.ch\/fr\/prestations\/estimations-et-expertises\/","name":"Estimations et expertises &#8211; Immoschwab SA \u00e0 Morat et Aarberg","isPartOf":{"@id":"https:\/\/www.immoschwab.ch\/fr\/#website"},"primaryImageOfPage":{"@id":"https:\/\/www.immoschwab.ch\/fr\/prestations\/estimations-et-expertises\/#primaryimage"},"image":{"@id":"https:\/\/www.immoschwab.ch\/fr\/prestations\/estimations-et-expertises\/#primaryimage"},"thumbnailUrl":"https:\/\/www.immoschwab.ch\/wp-content\/uploads\/2023\/08\/immoschwab-verkehrswertschaetzung-scaled.jpg","datePublished":"2023-08-16T14:53:07+00:00","dateModified":"2023-09-21T08:33:41+00:00","description":"Une valeur v\u00e9nale des biens immobiliers prouv\u00e9e et neutre est importante non seulement pour l'achat, la vente et les questions fiscales et de financement, mais aussi en cas d'h\u00e9ritage, de litiges relatifs au r\u00e9gime matrimonial (divorces), etcetera.","breadcrumb":{"@id":"https:\/\/www.immoschwab.ch\/fr\/prestations\/estimations-et-expertises\/#breadcrumb"},"inLanguage":"fr-FR","potentialAction":[{"@type":"ReadAction","target":["https:\/\/www.immoschwab.ch\/fr\/prestations\/estimations-et-expertises\/"]}]},{"@type":"ImageObject","inLanguage":"fr-FR","@id":"https:\/\/www.immoschwab.ch\/fr\/prestations\/estimations-et-expertises\/#primaryimage","url":"https:\/\/www.immoschwab.ch\/wp-content\/uploads\/2023\/08\/immoschwab-verkehrswertschaetzung-scaled.jpg","contentUrl":"https:\/\/www.immoschwab.ch\/wp-content\/uploads\/2023\/08\/immoschwab-verkehrswertschaetzung-scaled.jpg","width":2048,"height":1367,"caption":"Businessman signing document with money and house model on the table - real estate and properties financial concepts"},{"@type":"BreadcrumbList","@id":"https:\/\/www.immoschwab.ch\/fr\/prestations\/estimations-et-expertises\/#breadcrumb","itemListElement":[{"@type":"ListItem","position":1,"name":"Home","item":"https:\/\/www.immoschwab.ch\/fr\/"},{"@type":"ListItem","position":2,"name":"Prestations","item":"https:\/\/www.immoschwab.ch\/fr\/prestations\/"},{"@type":"ListItem","position":3,"name":"Estimations et expertises"}]},{"@type":"WebSite","@id":"https:\/\/www.immoschwab.ch\/fr\/#website","url":"https:\/\/www.immoschwab.ch\/fr\/","name":"Immoschwab SA \u00e0 Morat et Aarberg","description":"","publisher":{"@id":"https:\/\/www.immoschwab.ch\/fr\/#organization"},"potentialAction":[{"@type":"SearchAction","target":{"@type":"EntryPoint","urlTemplate":"https:\/\/www.immoschwab.ch\/fr\/?s={search_term_string}"},"query-input":{"@type":"PropertyValueSpecification","valueRequired":true,"valueName":"search_term_string"}}],"inLanguage":"fr-FR"},{"@type":"Organization","@id":"https:\/\/www.immoschwab.ch\/fr\/#organization","name":"Immoschwab AG","url":"https:\/\/www.immoschwab.ch\/fr\/","logo":{"@type":"ImageObject","inLanguage":"fr-FR","@id":"https:\/\/www.immoschwab.ch\/fr\/#\/schema\/logo\/image\/","url":"https:\/\/www.immoschwab.ch\/wp-content\/uploads\/2023\/08\/logo-immoschwab-color.svg","contentUrl":"https:\/\/www.immoschwab.ch\/wp-content\/uploads\/2023\/08\/logo-immoschwab-color.svg","width":291,"height":65,"caption":"Immoschwab AG"},"image":{"@id":"https:\/\/www.immoschwab.ch\/fr\/#\/schema\/logo\/image\/"},"sameAs":["https:\/\/www.facebook.com\/immoschwabag\/","https:\/\/www.instagram.com\/immoschwabag\/","https:\/\/www.linkedin.com\/company\/immoschwab-ag\/"]}]}},"_links":{"self":[{"href":"https:\/\/www.immoschwab.ch\/fr\/wp-json\/wp\/v2\/pages\/5843","targetHints":{"allow":["GET"]}}],"collection":[{"href":"https:\/\/www.immoschwab.ch\/fr\/wp-json\/wp\/v2\/pages"}],"about":[{"href":"https:\/\/www.immoschwab.ch\/fr\/wp-json\/wp\/v2\/types\/page"}],"author":[{"embeddable":true,"href":"https:\/\/www.immoschwab.ch\/fr\/wp-json\/wp\/v2\/users\/1"}],"replies":[{"embeddable":true,"href":"https:\/\/www.immoschwab.ch\/fr\/wp-json\/wp\/v2\/comments?post=5843"}],"version-history":[{"count":0,"href":"https:\/\/www.immoschwab.ch\/fr\/wp-json\/wp\/v2\/pages\/5843\/revisions"}],"up":[{"embeddable":true,"href":"https:\/\/www.immoschwab.ch\/fr\/wp-json\/wp\/v2\/pages\/5849"}],"wp:featuredmedia":[{"embeddable":true,"href":"https:\/\/www.immoschwab.ch\/fr\/wp-json\/wp\/v2\/media\/2541"}],"wp:attachment":[{"href":"https:\/\/www.immoschwab.ch\/fr\/wp-json\/wp\/v2\/media?parent=5843"}],"curies":[{"name":"wp","href":"https:\/\/api.w.org\/{rel}","templated":true}]}}