{"id":5844,"date":"2023-08-16T16:43:44","date_gmt":"2023-08-16T14:43:44","guid":{"rendered":"https:\/\/www.immoschwab.ch\/liegenschaftsverkauf\/"},"modified":"2023-09-14T16:55:56","modified_gmt":"2023-09-14T14:55:56","slug":"vente-de-biens-immobiliers","status":"publish","type":"page","link":"https:\/\/www.immoschwab.ch\/fr\/prestations\/vente-de-biens-immobiliers\/","title":{"rendered":"Vente de biens immobiliers"},"content":{"rendered":"\t\t<div data-elementor-type=\"wp-page\" data-elementor-id=\"5844\" class=\"elementor elementor-5844 elementor-2454\" data-elementor-post-type=\"page\">\n\t\t\t\t\t\t<section class=\"elementor-section elementor-top-section elementor-element elementor-element-020d840 elementor-section-boxed elementor-section-height-default elementor-section-height-default\" data-id=\"020d840\" data-element_type=\"section\" data-e-type=\"section\">\n\t\t\t\t\t\t<div class=\"elementor-container elementor-column-gap-default\">\n\t\t\t\t\t<div class=\"elementor-column elementor-col-100 elementor-top-column elementor-element elementor-element-d2448bc\" data-id=\"d2448bc\" data-element_type=\"column\" data-e-type=\"column\">\n\t\t\t<div class=\"elementor-widget-wrap elementor-element-populated\">\n\t\t\t\t\t\t<div class=\"elementor-element elementor-element-a9b9758 elementor-widget elementor-widget-leadtext\" data-id=\"a9b9758\" data-element_type=\"widget\" data-e-type=\"widget\" data-widget_type=\"leadtext.default\">\n\t\t\t\t<div class=\"elementor-widget-container\">\n\t\t\t\t\t<div class=\"lead\"><h1>Vente de biens immobiliers<\/h1><p>La r\u00e9ussite d'une vente n'est pas un hasard - une bonne pr\u00e9paration et une bonne connaissance du march\u00e9 sont indispensables!<\/p><\/div>\t\t\t\t<\/div>\n\t\t\t\t<\/div>\n\t\t\t\t\t<\/div>\n\t\t<\/div>\n\t\t\t\t\t<\/div>\n\t\t<\/section>\n\t\t\t\t<section class=\"elementor-section elementor-top-section elementor-element elementor-element-47815c1 elementor-section-boxed elementor-section-height-default elementor-section-height-default\" data-id=\"47815c1\" data-element_type=\"section\" data-e-type=\"section\">\n\t\t\t\t\t\t<div class=\"elementor-container elementor-column-gap-default\">\n\t\t\t\t\t<div class=\"elementor-column elementor-col-100 elementor-top-column elementor-element elementor-element-4bdb859\" data-id=\"4bdb859\" data-element_type=\"column\" data-e-type=\"column\">\n\t\t\t<div class=\"elementor-widget-wrap elementor-element-populated\">\n\t\t\t\t\t\t<div class=\"elementor-element elementor-element-85dcff3 elementor-widget elementor-widget-text-editor\" data-id=\"85dcff3\" data-element_type=\"widget\" data-e-type=\"widget\" data-widget_type=\"text-editor.default\">\n\t\t\t\t<div class=\"elementor-widget-container\">\n\t\t\t\t\t\t\t\t\t<p>Avec Immoschwab, nous engageons notre nom pour votre satisfaction. Nous avons pour principe de traiter avec tous nos clients de mani\u00e8re \u00e9quitable, respectueuse et d'\u00e9gal \u00e0 \u00e9gal. L'honn\u00eatet\u00e9 et la franchise dans les relations personnelles et professionnelles sont pour nous une \u00e9vidence et la mesure de nos relations. Nous sommes \u00e0 l'\u00e9coute et pouvons ainsi mieux comprendre les souhaits et les demandes. Gr\u00e2ce \u00e0 une connaissance pr\u00e9cise du march\u00e9 local, \u00e0 un vaste r\u00e9seau de relations, \u00e0 un fichier clients sp\u00e9cifique \u00e0 l'objet, \u00e0 des documents de vente professionnels et \u00e0 notre longue exp\u00e9rience, nous sommes en mesure de vendre ou de n\u00e9gocier les biens immobiliers avec succ\u00e8s. En tant que mandant, notre engagement et notre action doivent vous faciliter le processus d'achat et de vente d'un bien immobilier. Nous nous engageons pour une conclusion rapide et r\u00e9ussie!<\/p><p>Nous conseillons et accompagnons nos clients dans toutes les questions telles que l'analyse du march\u00e9 et de l'objet, le financement, le calcul de la capacit\u00e9 financi\u00e8re, le notaire et le registre foncier.<\/p>\t\t\t\t\t\t\t\t<\/div>\n\t\t\t\t<\/div>\n\t\t\t\t\t<\/div>\n\t\t<\/div>\n\t\t\t\t\t<\/div>\n\t\t<\/section>\n\t\t\t\t<section class=\"elementor-section elementor-top-section elementor-element elementor-element-8b6115b section-colored elementor-section-boxed elementor-section-height-default elementor-section-height-default\" data-id=\"8b6115b\" data-element_type=\"section\" data-e-type=\"section\">\n\t\t\t\t\t\t<div class=\"elementor-container elementor-column-gap-default\">\n\t\t\t\t\t<div class=\"elementor-column elementor-col-50 elementor-top-column elementor-element elementor-element-5d90fb8\" data-id=\"5d90fb8\" data-element_type=\"column\" data-e-type=\"column\">\n\t\t\t<div class=\"elementor-widget-wrap elementor-element-populated\">\n\t\t\t\t\t\t<div class=\"elementor-element elementor-element-146cdb7 elementor-widget elementor-widget-text-editor\" data-id=\"146cdb7\" data-element_type=\"widget\" data-e-type=\"widget\" data-widget_type=\"text-editor.default\">\n\t\t\t\t<div class=\"elementor-widget-container\">\n\t\t\t\t\t\t\t\t\t<p><strong>Nos services en bref:<\/strong><\/p><ul><li><span style=\"font-weight: 400;\">Calcul de la valeur du march\u00e9 \/ vente au meilleur prix\u00a0<\/span><\/li><li><span style=\"font-weight: 400;\">Strat\u00e9gie et concept de marketing<\/span><\/li><li><span style=\"font-weight: 400;\">Elaboration d\u2019un dossier de vente d\u00e9taill\u00e9 et pertinent<\/span><\/li><li><span style=\"font-weight: 400;\">Mesures publicitaires optimales dans les supports ad\u00e9quats<\/span><\/li><li><span style=\"font-weight: 400;\">Visites et n\u00e9gociations avec les acheteurs potentiels<\/span><\/li><li><span style=\"font-weight: 400;\">Conseil financier et accompagnement notarial jusqu'\u00e0 la conclusion du contrat<\/span><\/li><\/ul>\t\t\t\t\t\t\t\t<\/div>\n\t\t\t\t<\/div>\n\t\t\t\t<div class=\"elementor-element elementor-element-2f39211 elementor-align-left elementor-widget elementor-widget-button\" data-id=\"2f39211\" data-element_type=\"widget\" data-e-type=\"widget\" data-widget_type=\"button.default\">\n\t\t\t\t<div class=\"elementor-widget-container\">\n\t\t\t\t\t\t\t\t\t<div class=\"elementor-button-wrapper\">\n\t\t\t\t\t<a class=\"elementor-button elementor-button-link elementor-size-sm\" href=\"#elementor-action%3Aaction%3Dpopup%3Aopen%26settings%3DeyJpZCI6NjExMywidG9nZ2xlIjpmYWxzZX0%3D\">\n\t\t\t\t\t\t<span class=\"elementor-button-content-wrapper\">\n\t\t\t\t\t\t\t\t\t<span class=\"elementor-button-text\">Convenir d\u2019un entretien d\u2019acquisition<\/span>\n\t\t\t\t\t<\/span>\n\t\t\t\t\t<\/a>\n\t\t\t\t<\/div>\n\t\t\t\t\t\t\t\t<\/div>\n\t\t\t\t<\/div>\n\t\t\t\t\t<\/div>\n\t\t<\/div>\n\t\t\t\t<div class=\"elementor-column elementor-col-50 elementor-top-column elementor-element elementor-element-a06e4bd\" data-id=\"a06e4bd\" data-element_type=\"column\" data-e-type=\"column\">\n\t\t\t<div class=\"elementor-widget-wrap elementor-element-populated\">\n\t\t\t\t\t\t<div class=\"elementor-element elementor-element-f88261b elementor-invisible elementor-widget elementor-widget-image\" data-id=\"f88261b\" data-element_type=\"widget\" data-e-type=\"widget\" data-settings=\"{&quot;_animation&quot;:&quot;fadeInUp&quot;}\" data-widget_type=\"image.default\">\n\t\t\t\t<div class=\"elementor-widget-container\">\n\t\t\t\t\t\t\t\t\t\t\t\t\t\t\t<img fetchpriority=\"high\" decoding=\"async\" width=\"800\" height=\"534\" src=\"https:\/\/www.immoschwab.ch\/wp-content\/uploads\/2023\/08\/immoschwab-liegenschaftsverkauf-content-1024x683.jpg\" class=\"attachment-large size-large wp-image-2490\" alt=\"\" srcset=\"https:\/\/www.immoschwab.ch\/wp-content\/uploads\/2023\/08\/immoschwab-liegenschaftsverkauf-content-1024x683.jpg 1024w, https:\/\/www.immoschwab.ch\/wp-content\/uploads\/2023\/08\/immoschwab-liegenschaftsverkauf-content-300x200.jpg 300w, https:\/\/www.immoschwab.ch\/wp-content\/uploads\/2023\/08\/immoschwab-liegenschaftsverkauf-content-768x512.jpg 768w, https:\/\/www.immoschwab.ch\/wp-content\/uploads\/2023\/08\/immoschwab-liegenschaftsverkauf-content-1536x1024.jpg 1536w, https:\/\/www.immoschwab.ch\/wp-content\/uploads\/2023\/08\/immoschwab-liegenschaftsverkauf-content-scaled.jpg 2048w\" sizes=\"(max-width: 800px) 100vw, 800px\" \/>\t\t\t\t\t\t\t\t\t\t\t\t\t\t\t<\/div>\n\t\t\t\t<\/div>\n\t\t\t\t\t<\/div>\n\t\t<\/div>\n\t\t\t\t\t<\/div>\n\t\t<\/section>\n\t\t\t\t<\/div>\n\t\t","protected":false},"excerpt":{"rendered":"<p>Vente de biens immobiliers La r\u00e9ussite d'une vente n'est pas un hasard - une bonne pr\u00e9paration et une bonne connaissance du march\u00e9 sont indispensables! Avec Immoschwab, nous engageons notre nom pour votre satisfaction. Nous avons pour principe de traiter avec tous nos clients de mani\u00e8re \u00e9quitable, respectueuse et d'\u00e9gal \u00e0 \u00e9gal. L'honn\u00eatet\u00e9 et la franchise [&hellip;]<\/p>\n","protected":false},"author":1,"featured_media":2468,"parent":5849,"menu_order":0,"comment_status":"closed","ping_status":"closed","template":"","meta":{"_acf_changed":false,"footnotes":""},"class_list":["post-5844","page","type-page","status-publish","has-post-thumbnail","hentry"],"acf":[],"yoast_head":"<!-- This site is optimized with the Yoast SEO plugin v27.3 - https:\/\/yoast.com\/product\/yoast-seo-wordpress\/ -->\n<title>Vente de biens immobiliers &#8211; Immoschwab SA \u00e0 Morat et Aarberg<\/title>\n<meta name=\"description\" content=\"Nous conseillons et accompagnons nos clients dans toutes les questions telles que l\u2019analyse du march\u00e9 et de l\u2019objet, le financement, le calcul de la capacit\u00e9 financi\u00e8re, le notaire et le registre foncier.\" \/>\n<meta name=\"robots\" content=\"index, follow, max-snippet:-1, max-image-preview:large, max-video-preview:-1\" \/>\n<link rel=\"canonical\" href=\"https:\/\/www.immoschwab.ch\/fr\/prestations\/vente-de-biens-immobiliers\/\" \/>\n<meta property=\"og:locale\" content=\"fr_FR\" \/>\n<meta property=\"og:type\" content=\"article\" \/>\n<meta property=\"og:title\" content=\"Vente de biens immobiliers &#8211; Immoschwab SA \u00e0 Morat et Aarberg\" \/>\n<meta property=\"og:description\" content=\"Nous conseillons et accompagnons nos clients dans toutes les questions telles que l\u2019analyse du march\u00e9 et de l\u2019objet, le financement, le calcul de la capacit\u00e9 financi\u00e8re, le notaire et le registre foncier.\" \/>\n<meta property=\"og:url\" content=\"https:\/\/www.immoschwab.ch\/fr\/prestations\/vente-de-biens-immobiliers\/\" \/>\n<meta property=\"og:site_name\" content=\"Immoschwab SA \u00e0 Morat et Aarberg\" \/>\n<meta property=\"article:publisher\" content=\"https:\/\/www.facebook.com\/immoschwabag\/\" \/>\n<meta property=\"article:modified_time\" content=\"2023-09-14T14:55:56+00:00\" \/>\n<meta property=\"og:image\" content=\"https:\/\/www.immoschwab.ch\/wp-content\/uploads\/2023\/08\/immoschwab-liegenschaftsverkauf-scaled.jpg\" \/>\n\t<meta property=\"og:image:width\" content=\"2048\" \/>\n\t<meta property=\"og:image:height\" content=\"1302\" \/>\n\t<meta property=\"og:image:type\" content=\"image\/jpeg\" \/>\n<meta name=\"twitter:card\" content=\"summary_large_image\" \/>\n<meta name=\"twitter:label1\" content=\"Dur\u00e9e de lecture estim\u00e9e\" \/>\n\t<meta name=\"twitter:data1\" content=\"2 minutes\" \/>\n<script type=\"application\/ld+json\" class=\"yoast-schema-graph\">{\"@context\":\"https:\\\/\\\/schema.org\",\"@graph\":[{\"@type\":\"WebPage\",\"@id\":\"https:\\\/\\\/www.immoschwab.ch\\\/fr\\\/prestations\\\/vente-de-biens-immobiliers\\\/\",\"url\":\"https:\\\/\\\/www.immoschwab.ch\\\/fr\\\/prestations\\\/vente-de-biens-immobiliers\\\/\",\"name\":\"Vente de biens immobiliers &#8211; Immoschwab SA \u00e0 Morat et Aarberg\",\"isPartOf\":{\"@id\":\"https:\\\/\\\/www.immoschwab.ch\\\/fr\\\/#website\"},\"primaryImageOfPage\":{\"@id\":\"https:\\\/\\\/www.immoschwab.ch\\\/fr\\\/prestations\\\/vente-de-biens-immobiliers\\\/#primaryimage\"},\"image\":{\"@id\":\"https:\\\/\\\/www.immoschwab.ch\\\/fr\\\/prestations\\\/vente-de-biens-immobiliers\\\/#primaryimage\"},\"thumbnailUrl\":\"https:\\\/\\\/www.immoschwab.ch\\\/wp-content\\\/uploads\\\/2023\\\/08\\\/immoschwab-liegenschaftsverkauf-scaled.jpg\",\"datePublished\":\"2023-08-16T14:43:44+00:00\",\"dateModified\":\"2023-09-14T14:55:56+00:00\",\"description\":\"Nous conseillons et accompagnons nos clients dans toutes les questions telles que l\u2019analyse du march\u00e9 et de l\u2019objet, le financement, le calcul de la capacit\u00e9 financi\u00e8re, le notaire et le registre foncier.\",\"breadcrumb\":{\"@id\":\"https:\\\/\\\/www.immoschwab.ch\\\/fr\\\/prestations\\\/vente-de-biens-immobiliers\\\/#breadcrumb\"},\"inLanguage\":\"fr-FR\",\"potentialAction\":[{\"@type\":\"ReadAction\",\"target\":[\"https:\\\/\\\/www.immoschwab.ch\\\/fr\\\/prestations\\\/vente-de-biens-immobiliers\\\/\"]}]},{\"@type\":\"ImageObject\",\"inLanguage\":\"fr-FR\",\"@id\":\"https:\\\/\\\/www.immoschwab.ch\\\/fr\\\/prestations\\\/vente-de-biens-immobiliers\\\/#primaryimage\",\"url\":\"https:\\\/\\\/www.immoschwab.ch\\\/wp-content\\\/uploads\\\/2023\\\/08\\\/immoschwab-liegenschaftsverkauf-scaled.jpg\",\"contentUrl\":\"https:\\\/\\\/www.immoschwab.ch\\\/wp-content\\\/uploads\\\/2023\\\/08\\\/immoschwab-liegenschaftsverkauf-scaled.jpg\",\"width\":2048,\"height\":1302,\"caption\":\"German house for sale real estate sign\"},{\"@type\":\"BreadcrumbList\",\"@id\":\"https:\\\/\\\/www.immoschwab.ch\\\/fr\\\/prestations\\\/vente-de-biens-immobiliers\\\/#breadcrumb\",\"itemListElement\":[{\"@type\":\"ListItem\",\"position\":1,\"name\":\"Home\",\"item\":\"https:\\\/\\\/www.immoschwab.ch\\\/fr\\\/\"},{\"@type\":\"ListItem\",\"position\":2,\"name\":\"Prestations\",\"item\":\"https:\\\/\\\/www.immoschwab.ch\\\/fr\\\/prestations\\\/\"},{\"@type\":\"ListItem\",\"position\":3,\"name\":\"Vente de biens immobiliers\"}]},{\"@type\":\"WebSite\",\"@id\":\"https:\\\/\\\/www.immoschwab.ch\\\/fr\\\/#website\",\"url\":\"https:\\\/\\\/www.immoschwab.ch\\\/fr\\\/\",\"name\":\"Immoschwab SA \u00e0 Morat et Aarberg\",\"description\":\"\",\"publisher\":{\"@id\":\"https:\\\/\\\/www.immoschwab.ch\\\/fr\\\/#organization\"},\"potentialAction\":[{\"@type\":\"SearchAction\",\"target\":{\"@type\":\"EntryPoint\",\"urlTemplate\":\"https:\\\/\\\/www.immoschwab.ch\\\/fr\\\/?s={search_term_string}\"},\"query-input\":{\"@type\":\"PropertyValueSpecification\",\"valueRequired\":true,\"valueName\":\"search_term_string\"}}],\"inLanguage\":\"fr-FR\"},{\"@type\":\"Organization\",\"@id\":\"https:\\\/\\\/www.immoschwab.ch\\\/fr\\\/#organization\",\"name\":\"Immoschwab AG\",\"url\":\"https:\\\/\\\/www.immoschwab.ch\\\/fr\\\/\",\"logo\":{\"@type\":\"ImageObject\",\"inLanguage\":\"fr-FR\",\"@id\":\"https:\\\/\\\/www.immoschwab.ch\\\/fr\\\/#\\\/schema\\\/logo\\\/image\\\/\",\"url\":\"https:\\\/\\\/www.immoschwab.ch\\\/wp-content\\\/uploads\\\/2023\\\/08\\\/logo-immoschwab-color.svg\",\"contentUrl\":\"https:\\\/\\\/www.immoschwab.ch\\\/wp-content\\\/uploads\\\/2023\\\/08\\\/logo-immoschwab-color.svg\",\"width\":291,\"height\":65,\"caption\":\"Immoschwab AG\"},\"image\":{\"@id\":\"https:\\\/\\\/www.immoschwab.ch\\\/fr\\\/#\\\/schema\\\/logo\\\/image\\\/\"},\"sameAs\":[\"https:\\\/\\\/www.facebook.com\\\/immoschwabag\\\/\",\"https:\\\/\\\/www.instagram.com\\\/immoschwabag\\\/\",\"https:\\\/\\\/www.linkedin.com\\\/company\\\/immoschwab-ag\\\/\"]}]}<\/script>\n<!-- \/ Yoast SEO plugin. -->","yoast_head_json":{"title":"Vente de biens immobiliers &#8211; Immoschwab SA \u00e0 Morat et Aarberg","description":"Nous conseillons et accompagnons nos clients dans toutes les questions telles que l\u2019analyse du march\u00e9 et de l\u2019objet, le financement, le calcul de la capacit\u00e9 financi\u00e8re, le notaire et le registre foncier.","robots":{"index":"index","follow":"follow","max-snippet":"max-snippet:-1","max-image-preview":"max-image-preview:large","max-video-preview":"max-video-preview:-1"},"canonical":"https:\/\/www.immoschwab.ch\/fr\/prestations\/vente-de-biens-immobiliers\/","og_locale":"fr_FR","og_type":"article","og_title":"Vente de biens immobiliers &#8211; Immoschwab SA \u00e0 Morat et Aarberg","og_description":"Nous conseillons et accompagnons nos clients dans toutes les questions telles que l\u2019analyse du march\u00e9 et de l\u2019objet, le financement, le calcul de la capacit\u00e9 financi\u00e8re, le notaire et le registre foncier.","og_url":"https:\/\/www.immoschwab.ch\/fr\/prestations\/vente-de-biens-immobiliers\/","og_site_name":"Immoschwab SA \u00e0 Morat et Aarberg","article_publisher":"https:\/\/www.facebook.com\/immoschwabag\/","article_modified_time":"2023-09-14T14:55:56+00:00","og_image":[{"width":2048,"height":1302,"url":"https:\/\/www.immoschwab.ch\/wp-content\/uploads\/2023\/08\/immoschwab-liegenschaftsverkauf-scaled.jpg","type":"image\/jpeg"}],"twitter_card":"summary_large_image","twitter_misc":{"Dur\u00e9e de lecture estim\u00e9e":"2 minutes"},"schema":{"@context":"https:\/\/schema.org","@graph":[{"@type":"WebPage","@id":"https:\/\/www.immoschwab.ch\/fr\/prestations\/vente-de-biens-immobiliers\/","url":"https:\/\/www.immoschwab.ch\/fr\/prestations\/vente-de-biens-immobiliers\/","name":"Vente de biens immobiliers &#8211; Immoschwab SA \u00e0 Morat et Aarberg","isPartOf":{"@id":"https:\/\/www.immoschwab.ch\/fr\/#website"},"primaryImageOfPage":{"@id":"https:\/\/www.immoschwab.ch\/fr\/prestations\/vente-de-biens-immobiliers\/#primaryimage"},"image":{"@id":"https:\/\/www.immoschwab.ch\/fr\/prestations\/vente-de-biens-immobiliers\/#primaryimage"},"thumbnailUrl":"https:\/\/www.immoschwab.ch\/wp-content\/uploads\/2023\/08\/immoschwab-liegenschaftsverkauf-scaled.jpg","datePublished":"2023-08-16T14:43:44+00:00","dateModified":"2023-09-14T14:55:56+00:00","description":"Nous conseillons et accompagnons nos clients dans toutes les questions telles que l\u2019analyse du march\u00e9 et de l\u2019objet, le financement, le calcul de la capacit\u00e9 financi\u00e8re, le notaire et le registre foncier.","breadcrumb":{"@id":"https:\/\/www.immoschwab.ch\/fr\/prestations\/vente-de-biens-immobiliers\/#breadcrumb"},"inLanguage":"fr-FR","potentialAction":[{"@type":"ReadAction","target":["https:\/\/www.immoschwab.ch\/fr\/prestations\/vente-de-biens-immobiliers\/"]}]},{"@type":"ImageObject","inLanguage":"fr-FR","@id":"https:\/\/www.immoschwab.ch\/fr\/prestations\/vente-de-biens-immobiliers\/#primaryimage","url":"https:\/\/www.immoschwab.ch\/wp-content\/uploads\/2023\/08\/immoschwab-liegenschaftsverkauf-scaled.jpg","contentUrl":"https:\/\/www.immoschwab.ch\/wp-content\/uploads\/2023\/08\/immoschwab-liegenschaftsverkauf-scaled.jpg","width":2048,"height":1302,"caption":"German house for sale real estate sign"},{"@type":"BreadcrumbList","@id":"https:\/\/www.immoschwab.ch\/fr\/prestations\/vente-de-biens-immobiliers\/#breadcrumb","itemListElement":[{"@type":"ListItem","position":1,"name":"Home","item":"https:\/\/www.immoschwab.ch\/fr\/"},{"@type":"ListItem","position":2,"name":"Prestations","item":"https:\/\/www.immoschwab.ch\/fr\/prestations\/"},{"@type":"ListItem","position":3,"name":"Vente de biens immobiliers"}]},{"@type":"WebSite","@id":"https:\/\/www.immoschwab.ch\/fr\/#website","url":"https:\/\/www.immoschwab.ch\/fr\/","name":"Immoschwab SA \u00e0 Morat et Aarberg","description":"","publisher":{"@id":"https:\/\/www.immoschwab.ch\/fr\/#organization"},"potentialAction":[{"@type":"SearchAction","target":{"@type":"EntryPoint","urlTemplate":"https:\/\/www.immoschwab.ch\/fr\/?s={search_term_string}"},"query-input":{"@type":"PropertyValueSpecification","valueRequired":true,"valueName":"search_term_string"}}],"inLanguage":"fr-FR"},{"@type":"Organization","@id":"https:\/\/www.immoschwab.ch\/fr\/#organization","name":"Immoschwab AG","url":"https:\/\/www.immoschwab.ch\/fr\/","logo":{"@type":"ImageObject","inLanguage":"fr-FR","@id":"https:\/\/www.immoschwab.ch\/fr\/#\/schema\/logo\/image\/","url":"https:\/\/www.immoschwab.ch\/wp-content\/uploads\/2023\/08\/logo-immoschwab-color.svg","contentUrl":"https:\/\/www.immoschwab.ch\/wp-content\/uploads\/2023\/08\/logo-immoschwab-color.svg","width":291,"height":65,"caption":"Immoschwab AG"},"image":{"@id":"https:\/\/www.immoschwab.ch\/fr\/#\/schema\/logo\/image\/"},"sameAs":["https:\/\/www.facebook.com\/immoschwabag\/","https:\/\/www.instagram.com\/immoschwabag\/","https:\/\/www.linkedin.com\/company\/immoschwab-ag\/"]}]}},"_links":{"self":[{"href":"https:\/\/www.immoschwab.ch\/fr\/wp-json\/wp\/v2\/pages\/5844","targetHints":{"allow":["GET"]}}],"collection":[{"href":"https:\/\/www.immoschwab.ch\/fr\/wp-json\/wp\/v2\/pages"}],"about":[{"href":"https:\/\/www.immoschwab.ch\/fr\/wp-json\/wp\/v2\/types\/page"}],"author":[{"embeddable":true,"href":"https:\/\/www.immoschwab.ch\/fr\/wp-json\/wp\/v2\/users\/1"}],"replies":[{"embeddable":true,"href":"https:\/\/www.immoschwab.ch\/fr\/wp-json\/wp\/v2\/comments?post=5844"}],"version-history":[{"count":0,"href":"https:\/\/www.immoschwab.ch\/fr\/wp-json\/wp\/v2\/pages\/5844\/revisions"}],"up":[{"embeddable":true,"href":"https:\/\/www.immoschwab.ch\/fr\/wp-json\/wp\/v2\/pages\/5849"}],"wp:featuredmedia":[{"embeddable":true,"href":"https:\/\/www.immoschwab.ch\/fr\/wp-json\/wp\/v2\/media\/2468"}],"wp:attachment":[{"href":"https:\/\/www.immoschwab.ch\/fr\/wp-json\/wp\/v2\/media?parent=5844"}],"curies":[{"name":"wp","href":"https:\/\/api.w.org\/{rel}","templated":true}]}}