{"id":5854,"date":"2023-08-16T10:07:00","date_gmt":"2023-08-16T08:07:00","guid":{"rendered":"https:\/\/www.immoschwab.ch\/wissen\/checklisten-und-formulare\/"},"modified":"2023-09-20T14:52:01","modified_gmt":"2023-09-20T12:52:01","slug":"check-lists-et-formulaires","status":"publish","type":"page","link":"https:\/\/www.immoschwab.ch\/fr\/savoir\/check-lists-et-formulaires\/","title":{"rendered":"Check-Lists et Formulaires"},"content":{"rendered":"\t\t<div data-elementor-type=\"wp-page\" data-elementor-id=\"5854\" class=\"elementor elementor-5854 elementor-1065\" data-elementor-post-type=\"page\">\n\t\t\t\t\t\t<section class=\"elementor-section elementor-top-section elementor-element elementor-element-1449525 elementor-section-boxed elementor-section-height-default elementor-section-height-default\" data-id=\"1449525\" data-element_type=\"section\" data-e-type=\"section\">\n\t\t\t\t\t\t<div class=\"elementor-container elementor-column-gap-default\">\n\t\t\t\t\t<div class=\"elementor-column elementor-col-100 elementor-top-column elementor-element elementor-element-2f678ea\" data-id=\"2f678ea\" data-element_type=\"column\" data-e-type=\"column\">\n\t\t\t<div class=\"elementor-widget-wrap elementor-element-populated\">\n\t\t\t\t\t\t<div class=\"elementor-element elementor-element-2c286e2 elementor-widget elementor-widget-leadtext\" data-id=\"2c286e2\" data-element_type=\"widget\" data-e-type=\"widget\" data-widget_type=\"leadtext.default\">\n\t\t\t\t<div class=\"elementor-widget-container\">\n\t\t\t\t\t<div class=\"lead\"><h1>Check-Lists et Formulaires<\/h1><p>Vous trouverez ici des check-lists \u00e0 t\u00e9l\u00e9charger - mises \u00e0 disposition par Immoschwab<\/p><\/div>\t\t\t\t<\/div>\n\t\t\t\t<\/div>\n\t\t\t\t\t<\/div>\n\t\t<\/div>\n\t\t\t\t\t<\/div>\n\t\t<\/section>\n\t\t\t\t<section class=\"elementor-section elementor-top-section elementor-element elementor-element-8b6115b section-colored elementor-section-boxed elementor-section-height-default elementor-section-height-default\" data-id=\"8b6115b\" data-element_type=\"section\" data-e-type=\"section\">\n\t\t\t\t\t\t<div class=\"elementor-container elementor-column-gap-default\">\n\t\t\t\t\t<div class=\"elementor-column elementor-col-50 elementor-top-column elementor-element elementor-element-5d90fb8\" data-id=\"5d90fb8\" data-element_type=\"column\" data-e-type=\"column\">\n\t\t\t<div class=\"elementor-widget-wrap elementor-element-populated\">\n\t\t\t\t\t\t<div class=\"elementor-element elementor-element-344636b file-listing elementor-widget elementor-widget-text-editor\" data-id=\"344636b\" data-element_type=\"widget\" data-e-type=\"widget\" data-widget_type=\"text-editor.default\">\n\t\t\t\t<div class=\"elementor-widget-container\">\n\t\t\t\t\t\t\t\t\t<ul><li><a href=\"https:\/\/www.immoschwab.ch\/wp-content\/uploads\/2023\/09\/Formulaire-de-frais-concierges.pdf\" target=\"_blank\" rel=\"noopener\">Formulaire de frais concierges<\/a><\/li><li><a href=\"https:\/\/www.immoschwab.ch\/wp-content\/uploads\/2023\/09\/Reglement-de-maison.pdf\" target=\"_blank\" rel=\"noopener\">R\u00e8glement de maison<\/a><\/li><li><a href=\"https:\/\/www.immoschwab.ch\/wp-content\/uploads\/2023\/09\/Check-list-remise-de-lappartement.pdf\" target=\"_blank\" rel=\"noopener\">Check-list pour la remise de l\u2019appartement<\/a><\/li><li><a href=\"https:\/\/www.immoschwab.ch\/wp-content\/uploads\/2023\/09\/Check-list-expertise-immobiliere.pdf\" target=\"_blank\" rel=\"noopener\">Check-list pour expertise immobili\u00e8re<\/a><\/li><\/ul><p>Pas trouv\u00e9 ce qu\u2019il fallait?<br \/>Contactez-nous.<\/p>\t\t\t\t\t\t\t\t<\/div>\n\t\t\t\t<\/div>\n\t\t\t\t<div class=\"elementor-element elementor-element-62c0d1f elementor-widget elementor-widget-button\" data-id=\"62c0d1f\" data-element_type=\"widget\" data-e-type=\"widget\" data-widget_type=\"button.default\">\n\t\t\t\t<div class=\"elementor-widget-container\">\n\t\t\t\t\t\t\t\t\t<div class=\"elementor-button-wrapper\">\n\t\t\t\t\t<a class=\"elementor-button elementor-button-link elementor-size-sm\" href=\"https:\/\/www.immoschwab.ch\/fr\/contact\/\">\n\t\t\t\t\t\t<span class=\"elementor-button-content-wrapper\">\n\t\t\t\t\t\t\t\t\t<span class=\"elementor-button-text\">Contactez-nous<\/span>\n\t\t\t\t\t<\/span>\n\t\t\t\t\t<\/a>\n\t\t\t\t<\/div>\n\t\t\t\t\t\t\t\t<\/div>\n\t\t\t\t<\/div>\n\t\t\t\t\t<\/div>\n\t\t<\/div>\n\t\t\t\t<div class=\"elementor-column elementor-col-50 elementor-top-column elementor-element elementor-element-0ae074a\" data-id=\"0ae074a\" data-element_type=\"column\" data-e-type=\"column\">\n\t\t\t<div class=\"elementor-widget-wrap elementor-element-populated\">\n\t\t\t\t\t\t<div class=\"elementor-element elementor-element-2d44e04 elementor-invisible elementor-widget elementor-widget-image\" data-id=\"2d44e04\" data-element_type=\"widget\" data-e-type=\"widget\" data-settings=\"{&quot;_animation&quot;:&quot;fadeInUp&quot;}\" data-widget_type=\"image.default\">\n\t\t\t\t<div class=\"elementor-widget-container\">\n\t\t\t\t\t\t\t\t\t\t\t\t\t\t\t<img fetchpriority=\"high\" decoding=\"async\" width=\"768\" height=\"513\" src=\"https:\/\/www.immoschwab.ch\/wp-content\/uploads\/2023\/08\/immoschwab-checklisten-768x513.jpg\" class=\"attachment-medium_large size-medium_large wp-image-1114\" alt=\"\" srcset=\"https:\/\/www.immoschwab.ch\/wp-content\/uploads\/2023\/08\/immoschwab-checklisten-768x513.jpg 768w, https:\/\/www.immoschwab.ch\/wp-content\/uploads\/2023\/08\/immoschwab-checklisten-300x200.jpg 300w, https:\/\/www.immoschwab.ch\/wp-content\/uploads\/2023\/08\/immoschwab-checklisten-1024x684.jpg 1024w, https:\/\/www.immoschwab.ch\/wp-content\/uploads\/2023\/08\/immoschwab-checklisten-1536x1025.jpg 1536w, https:\/\/www.immoschwab.ch\/wp-content\/uploads\/2023\/08\/immoschwab-checklisten-scaled.jpg 2048w\" sizes=\"(max-width: 768px) 100vw, 768px\" \/>\t\t\t\t\t\t\t\t\t\t\t\t\t\t\t<\/div>\n\t\t\t\t<\/div>\n\t\t\t\t\t<\/div>\n\t\t<\/div>\n\t\t\t\t\t<\/div>\n\t\t<\/section>\n\t\t\t\t<\/div>\n\t\t","protected":false},"excerpt":{"rendered":"<p>Check-Lists et Formulaires Vous trouverez ici des check-lists \u00e0 t\u00e9l\u00e9charger - mises \u00e0 disposition par Immoschwab Formulaire de frais concierges R\u00e8glement de maison Check-list pour la remise de l\u2019appartement Check-list pour expertise immobili\u00e8re Pas trouv\u00e9 ce qu\u2019il fallait?Contactez-nous. Contactez-nous<\/p>\n","protected":false},"author":1,"featured_media":1080,"parent":5853,"menu_order":0,"comment_status":"closed","ping_status":"closed","template":"","meta":{"_acf_changed":false,"footnotes":""},"class_list":["post-5854","page","type-page","status-publish","has-post-thumbnail","hentry"],"acf":[],"yoast_head":"<!-- This site is optimized with the Yoast SEO plugin v27.3 - https:\/\/yoast.com\/product\/yoast-seo-wordpress\/ -->\n<title>Check-Lists et Formulaires &#8211; Immoschwab SA \u00e0 Morat et Aarberg<\/title>\n<meta name=\"description\" content=\"Vous trouverez ici des check-lists \u00e0 t\u00e9l\u00e9charger - mises \u00e0 disposition par Immoschwab.\" \/>\n<meta name=\"robots\" content=\"index, follow, max-snippet:-1, max-image-preview:large, max-video-preview:-1\" \/>\n<link rel=\"canonical\" href=\"https:\/\/www.immoschwab.ch\/fr\/savoir\/check-lists-et-formulaires\/\" \/>\n<meta property=\"og:locale\" content=\"fr_FR\" \/>\n<meta property=\"og:type\" content=\"article\" \/>\n<meta property=\"og:title\" content=\"Check-Lists et Formulaires &#8211; Immoschwab SA \u00e0 Morat et Aarberg\" \/>\n<meta property=\"og:description\" content=\"Vous trouverez ici des check-lists \u00e0 t\u00e9l\u00e9charger - mises \u00e0 disposition par Immoschwab.\" \/>\n<meta property=\"og:url\" content=\"https:\/\/www.immoschwab.ch\/fr\/savoir\/check-lists-et-formulaires\/\" \/>\n<meta property=\"og:site_name\" content=\"Immoschwab SA \u00e0 Morat et Aarberg\" \/>\n<meta property=\"article:publisher\" content=\"https:\/\/www.facebook.com\/immoschwabag\/\" \/>\n<meta property=\"article:modified_time\" content=\"2023-09-20T12:52:01+00:00\" \/>\n<meta property=\"og:image\" content=\"https:\/\/www.immoschwab.ch\/wp-content\/uploads\/2023\/08\/immoschwab-formulare-scaled.jpg\" \/>\n\t<meta property=\"og:image:width\" content=\"2048\" \/>\n\t<meta property=\"og:image:height\" content=\"683\" \/>\n\t<meta property=\"og:image:type\" content=\"image\/jpeg\" \/>\n<meta name=\"twitter:card\" content=\"summary_large_image\" \/>\n<meta name=\"twitter:label1\" content=\"Dur\u00e9e de lecture estim\u00e9e\" \/>\n\t<meta name=\"twitter:data1\" content=\"1 minute\" \/>\n<script type=\"application\/ld+json\" class=\"yoast-schema-graph\">{\"@context\":\"https:\\\/\\\/schema.org\",\"@graph\":[{\"@type\":\"WebPage\",\"@id\":\"https:\\\/\\\/www.immoschwab.ch\\\/fr\\\/savoir\\\/check-lists-et-formulaires\\\/\",\"url\":\"https:\\\/\\\/www.immoschwab.ch\\\/fr\\\/savoir\\\/check-lists-et-formulaires\\\/\",\"name\":\"Check-Lists et Formulaires &#8211; Immoschwab SA \u00e0 Morat et Aarberg\",\"isPartOf\":{\"@id\":\"https:\\\/\\\/www.immoschwab.ch\\\/fr\\\/#website\"},\"primaryImageOfPage\":{\"@id\":\"https:\\\/\\\/www.immoschwab.ch\\\/fr\\\/savoir\\\/check-lists-et-formulaires\\\/#primaryimage\"},\"image\":{\"@id\":\"https:\\\/\\\/www.immoschwab.ch\\\/fr\\\/savoir\\\/check-lists-et-formulaires\\\/#primaryimage\"},\"thumbnailUrl\":\"https:\\\/\\\/www.immoschwab.ch\\\/wp-content\\\/uploads\\\/2023\\\/08\\\/immoschwab-formulare-scaled.jpg\",\"datePublished\":\"2023-08-16T08:07:00+00:00\",\"dateModified\":\"2023-09-20T12:52:01+00:00\",\"description\":\"Vous trouverez ici des check-lists \u00e0 t\u00e9l\u00e9charger - mises \u00e0 disposition par Immoschwab.\",\"breadcrumb\":{\"@id\":\"https:\\\/\\\/www.immoschwab.ch\\\/fr\\\/savoir\\\/check-lists-et-formulaires\\\/#breadcrumb\"},\"inLanguage\":\"fr-FR\",\"potentialAction\":[{\"@type\":\"ReadAction\",\"target\":[\"https:\\\/\\\/www.immoschwab.ch\\\/fr\\\/savoir\\\/check-lists-et-formulaires\\\/\"]}]},{\"@type\":\"ImageObject\",\"inLanguage\":\"fr-FR\",\"@id\":\"https:\\\/\\\/www.immoschwab.ch\\\/fr\\\/savoir\\\/check-lists-et-formulaires\\\/#primaryimage\",\"url\":\"https:\\\/\\\/www.immoschwab.ch\\\/wp-content\\\/uploads\\\/2023\\\/08\\\/immoschwab-formulare-scaled.jpg\",\"contentUrl\":\"https:\\\/\\\/www.immoschwab.ch\\\/wp-content\\\/uploads\\\/2023\\\/08\\\/immoschwab-formulare-scaled.jpg\",\"width\":2048,\"height\":683,\"caption\":\"Real Estate House Buy And Appraisal Checklist\"},{\"@type\":\"BreadcrumbList\",\"@id\":\"https:\\\/\\\/www.immoschwab.ch\\\/fr\\\/savoir\\\/check-lists-et-formulaires\\\/#breadcrumb\",\"itemListElement\":[{\"@type\":\"ListItem\",\"position\":1,\"name\":\"Home\",\"item\":\"https:\\\/\\\/www.immoschwab.ch\\\/fr\\\/\"},{\"@type\":\"ListItem\",\"position\":2,\"name\":\"Savoir\",\"item\":\"https:\\\/\\\/www.immoschwab.ch\\\/fr\\\/savoir\\\/\"},{\"@type\":\"ListItem\",\"position\":3,\"name\":\"Check-Lists et Formulaires\"}]},{\"@type\":\"WebSite\",\"@id\":\"https:\\\/\\\/www.immoschwab.ch\\\/fr\\\/#website\",\"url\":\"https:\\\/\\\/www.immoschwab.ch\\\/fr\\\/\",\"name\":\"Immoschwab SA \u00e0 Morat et Aarberg\",\"description\":\"\",\"publisher\":{\"@id\":\"https:\\\/\\\/www.immoschwab.ch\\\/fr\\\/#organization\"},\"potentialAction\":[{\"@type\":\"SearchAction\",\"target\":{\"@type\":\"EntryPoint\",\"urlTemplate\":\"https:\\\/\\\/www.immoschwab.ch\\\/fr\\\/?s={search_term_string}\"},\"query-input\":{\"@type\":\"PropertyValueSpecification\",\"valueRequired\":true,\"valueName\":\"search_term_string\"}}],\"inLanguage\":\"fr-FR\"},{\"@type\":\"Organization\",\"@id\":\"https:\\\/\\\/www.immoschwab.ch\\\/fr\\\/#organization\",\"name\":\"Immoschwab AG\",\"url\":\"https:\\\/\\\/www.immoschwab.ch\\\/fr\\\/\",\"logo\":{\"@type\":\"ImageObject\",\"inLanguage\":\"fr-FR\",\"@id\":\"https:\\\/\\\/www.immoschwab.ch\\\/fr\\\/#\\\/schema\\\/logo\\\/image\\\/\",\"url\":\"https:\\\/\\\/www.immoschwab.ch\\\/wp-content\\\/uploads\\\/2023\\\/08\\\/logo-immoschwab-color.svg\",\"contentUrl\":\"https:\\\/\\\/www.immoschwab.ch\\\/wp-content\\\/uploads\\\/2023\\\/08\\\/logo-immoschwab-color.svg\",\"width\":291,\"height\":65,\"caption\":\"Immoschwab AG\"},\"image\":{\"@id\":\"https:\\\/\\\/www.immoschwab.ch\\\/fr\\\/#\\\/schema\\\/logo\\\/image\\\/\"},\"sameAs\":[\"https:\\\/\\\/www.facebook.com\\\/immoschwabag\\\/\",\"https:\\\/\\\/www.instagram.com\\\/immoschwabag\\\/\",\"https:\\\/\\\/www.linkedin.com\\\/company\\\/immoschwab-ag\\\/\"]}]}<\/script>\n<!-- \/ Yoast SEO plugin. -->","yoast_head_json":{"title":"Check-Lists et Formulaires &#8211; Immoschwab SA \u00e0 Morat et Aarberg","description":"Vous trouverez ici des check-lists \u00e0 t\u00e9l\u00e9charger - mises \u00e0 disposition par Immoschwab.","robots":{"index":"index","follow":"follow","max-snippet":"max-snippet:-1","max-image-preview":"max-image-preview:large","max-video-preview":"max-video-preview:-1"},"canonical":"https:\/\/www.immoschwab.ch\/fr\/savoir\/check-lists-et-formulaires\/","og_locale":"fr_FR","og_type":"article","og_title":"Check-Lists et Formulaires &#8211; Immoschwab SA \u00e0 Morat et Aarberg","og_description":"Vous trouverez ici des check-lists \u00e0 t\u00e9l\u00e9charger - mises \u00e0 disposition par Immoschwab.","og_url":"https:\/\/www.immoschwab.ch\/fr\/savoir\/check-lists-et-formulaires\/","og_site_name":"Immoschwab SA \u00e0 Morat et Aarberg","article_publisher":"https:\/\/www.facebook.com\/immoschwabag\/","article_modified_time":"2023-09-20T12:52:01+00:00","og_image":[{"width":2048,"height":683,"url":"https:\/\/www.immoschwab.ch\/wp-content\/uploads\/2023\/08\/immoschwab-formulare-scaled.jpg","type":"image\/jpeg"}],"twitter_card":"summary_large_image","twitter_misc":{"Dur\u00e9e de lecture estim\u00e9e":"1 minute"},"schema":{"@context":"https:\/\/schema.org","@graph":[{"@type":"WebPage","@id":"https:\/\/www.immoschwab.ch\/fr\/savoir\/check-lists-et-formulaires\/","url":"https:\/\/www.immoschwab.ch\/fr\/savoir\/check-lists-et-formulaires\/","name":"Check-Lists et Formulaires &#8211; Immoschwab SA \u00e0 Morat et Aarberg","isPartOf":{"@id":"https:\/\/www.immoschwab.ch\/fr\/#website"},"primaryImageOfPage":{"@id":"https:\/\/www.immoschwab.ch\/fr\/savoir\/check-lists-et-formulaires\/#primaryimage"},"image":{"@id":"https:\/\/www.immoschwab.ch\/fr\/savoir\/check-lists-et-formulaires\/#primaryimage"},"thumbnailUrl":"https:\/\/www.immoschwab.ch\/wp-content\/uploads\/2023\/08\/immoschwab-formulare-scaled.jpg","datePublished":"2023-08-16T08:07:00+00:00","dateModified":"2023-09-20T12:52:01+00:00","description":"Vous trouverez ici des check-lists \u00e0 t\u00e9l\u00e9charger - mises \u00e0 disposition par Immoschwab.","breadcrumb":{"@id":"https:\/\/www.immoschwab.ch\/fr\/savoir\/check-lists-et-formulaires\/#breadcrumb"},"inLanguage":"fr-FR","potentialAction":[{"@type":"ReadAction","target":["https:\/\/www.immoschwab.ch\/fr\/savoir\/check-lists-et-formulaires\/"]}]},{"@type":"ImageObject","inLanguage":"fr-FR","@id":"https:\/\/www.immoschwab.ch\/fr\/savoir\/check-lists-et-formulaires\/#primaryimage","url":"https:\/\/www.immoschwab.ch\/wp-content\/uploads\/2023\/08\/immoschwab-formulare-scaled.jpg","contentUrl":"https:\/\/www.immoschwab.ch\/wp-content\/uploads\/2023\/08\/immoschwab-formulare-scaled.jpg","width":2048,"height":683,"caption":"Real Estate House Buy And Appraisal Checklist"},{"@type":"BreadcrumbList","@id":"https:\/\/www.immoschwab.ch\/fr\/savoir\/check-lists-et-formulaires\/#breadcrumb","itemListElement":[{"@type":"ListItem","position":1,"name":"Home","item":"https:\/\/www.immoschwab.ch\/fr\/"},{"@type":"ListItem","position":2,"name":"Savoir","item":"https:\/\/www.immoschwab.ch\/fr\/savoir\/"},{"@type":"ListItem","position":3,"name":"Check-Lists et Formulaires"}]},{"@type":"WebSite","@id":"https:\/\/www.immoschwab.ch\/fr\/#website","url":"https:\/\/www.immoschwab.ch\/fr\/","name":"Immoschwab SA \u00e0 Morat et Aarberg","description":"","publisher":{"@id":"https:\/\/www.immoschwab.ch\/fr\/#organization"},"potentialAction":[{"@type":"SearchAction","target":{"@type":"EntryPoint","urlTemplate":"https:\/\/www.immoschwab.ch\/fr\/?s={search_term_string}"},"query-input":{"@type":"PropertyValueSpecification","valueRequired":true,"valueName":"search_term_string"}}],"inLanguage":"fr-FR"},{"@type":"Organization","@id":"https:\/\/www.immoschwab.ch\/fr\/#organization","name":"Immoschwab AG","url":"https:\/\/www.immoschwab.ch\/fr\/","logo":{"@type":"ImageObject","inLanguage":"fr-FR","@id":"https:\/\/www.immoschwab.ch\/fr\/#\/schema\/logo\/image\/","url":"https:\/\/www.immoschwab.ch\/wp-content\/uploads\/2023\/08\/logo-immoschwab-color.svg","contentUrl":"https:\/\/www.immoschwab.ch\/wp-content\/uploads\/2023\/08\/logo-immoschwab-color.svg","width":291,"height":65,"caption":"Immoschwab AG"},"image":{"@id":"https:\/\/www.immoschwab.ch\/fr\/#\/schema\/logo\/image\/"},"sameAs":["https:\/\/www.facebook.com\/immoschwabag\/","https:\/\/www.instagram.com\/immoschwabag\/","https:\/\/www.linkedin.com\/company\/immoschwab-ag\/"]}]}},"_links":{"self":[{"href":"https:\/\/www.immoschwab.ch\/fr\/wp-json\/wp\/v2\/pages\/5854","targetHints":{"allow":["GET"]}}],"collection":[{"href":"https:\/\/www.immoschwab.ch\/fr\/wp-json\/wp\/v2\/pages"}],"about":[{"href":"https:\/\/www.immoschwab.ch\/fr\/wp-json\/wp\/v2\/types\/page"}],"author":[{"embeddable":true,"href":"https:\/\/www.immoschwab.ch\/fr\/wp-json\/wp\/v2\/users\/1"}],"replies":[{"embeddable":true,"href":"https:\/\/www.immoschwab.ch\/fr\/wp-json\/wp\/v2\/comments?post=5854"}],"version-history":[{"count":0,"href":"https:\/\/www.immoschwab.ch\/fr\/wp-json\/wp\/v2\/pages\/5854\/revisions"}],"up":[{"embeddable":true,"href":"https:\/\/www.immoschwab.ch\/fr\/wp-json\/wp\/v2\/pages\/5853"}],"wp:featuredmedia":[{"embeddable":true,"href":"https:\/\/www.immoschwab.ch\/fr\/wp-json\/wp\/v2\/media\/1080"}],"wp:attachment":[{"href":"https:\/\/www.immoschwab.ch\/fr\/wp-json\/wp\/v2\/media?parent=5854"}],"curies":[{"name":"wp","href":"https:\/\/api.w.org\/{rel}","templated":true}]}}